{"id":2633,"date":"2025-07-17T17:37:29","date_gmt":"2025-07-17T14:37:29","guid":{"rendered":"http:\/\/www.aiarthistorylab.com\/?page_id=2633"},"modified":"2025-07-17T17:37:29","modified_gmt":"2025-07-17T14:37:29","slug":"legal-note","status":"publish","type":"page","link":"https:\/\/www.ststurkey.net\/?page_id=2633","title":{"rendered":"Legal Note"},"content":{"rendered":"<div>\n<p>edit\u00f6r<\/p>\n<p>Dr. Melike \u015eahinol; U\u011fur Kocager<\/p>\n<\/p>\n<p>e-mail<\/p>\n<p>info@ststurkey.net<\/p>\n<\/p>\n<p>g\u00f6rseller<\/p>\n<p>Aksi belirtilmedik\u00e7e, g\u00f6rseller ya kendi ara\u015ft\u0131rmam\u0131zdan, saha \u00e7al\u0131\u015fmam\u0131zdan, etkinliklerimizden ya da izin al\u0131narak kullan\u0131lm\u0131\u015ft\u0131r. G\u00f6rsel kullan\u0131m\u0131 veya haklar\u0131yla ilgili herhangi bir endi\u015feniz varsa, l\u00fctfen bizimle ileti\u015fime ge\u00e7in.<\/p>\n<\/p>\n<p>d\u00fczenleme<\/p>\n<p>Baz\u0131 blog yaz\u0131lar\u0131 (veya bunlar\u0131n baz\u0131 b\u00f6l\u00fcmleri) netlik, ton veya yap\u0131y\u0131 desteklemek i\u00e7in yapay zeka ara\u00e7lar\u0131 kullan\u0131larak d\u00fczenlenmi\u015f veya iyile\u015ftirilmi\u015ftir. T\u00fcm i\u00e7erik, s\u00f6z konusu yazar taraf\u0131ndan dikkatle incelenmi\u015f ve d\u00fczenlenmi\u015f ve edit\u00f6r taraf\u0131ndan d\u00fczenlenmi\u015ftir.<\/p>\n<\/p>\n<\/div>\n<p><!--more--><br \/>\n<!-- {\"type\":\"layout\",\"children\":[{\"type\":\"section\",\"props\":{\"image_position\":\"center-center\",\"style\":\"default\",\"title_breakpoint\":\"xl\",\"title_position\":\"top-left\",\"title_rotation\":\"left\",\"vertical_align\":\"middle\",\"width\":\"default\"},\"children\":[{\"type\":\"row\",\"children\":[{\"type\":\"column\",\"props\":{\"image_position\":\"center-center\",\"position_sticky_breakpoint\":\"m\"},\"children\":[{\"type\":\"text\",\"props\":{\"column_breakpoint\":\"m\",\"content\":\"\n\n<p>edit\\u00f6r<\\\/p>\\n\n\n<p>Dr. Melike \\u015eahinol; U\\u011fur Kocager<\\\/p>\\n\n\n<p><\\\/p>\\n\n\n<p>e-mail<\\\/p>\\n\n\n<p>info@ststurkey.net<\\\/p>\\n\n\n<p><\\\/p>\\n\n\n<p>g\\u00f6rseller<\\\/p>\\n\n\n<p>Aksi belirtilmedik\\u00e7e, g\\u00f6rseller ya kendi ara\\u015ft\\u0131rmam\\u0131zdan, saha \\u00e7al\\u0131\\u015fmam\\u0131zdan, etkinliklerimizden ya da izin al\\u0131narak kullan\\u0131lm\\u0131\\u015ft\\u0131r. G\\u00f6rsel kullan\\u0131m\\u0131 veya haklar\\u0131yla ilgili herhangi bir endi\\u015feniz varsa, l\\u00fctfen bizimle ileti\\u015fime ge\\u00e7in.<\\\/p>\\n\n\n<p><\\\/p>\\n\n\n<p>d\\u00fczenleme<\\\/p>\\n\n\n<p>Baz\\u0131 blog yaz\\u0131lar\\u0131 (veya bunlar\\u0131n baz\\u0131 b\\u00f6l\\u00fcmleri) netlik, ton veya yap\\u0131y\\u0131 desteklemek i\\u00e7in yapay zeka ara\\u00e7lar\\u0131 kullan\\u0131larak d\\u00fczenlenmi\\u015f veya iyile\\u015ftirilmi\\u015ftir. T\\u00fcm i\\u00e7erik, s\\u00f6z konusu yazar taraf\\u0131ndan dikkatle incelenmi\\u015f ve d\\u00fczenlenmi\\u015f ve edit\\u00f6r taraf\\u0131ndan d\\u00fczenlenmi\\u015ftir.<\\\/p>\\n\n\n<p><\\\/p>\",\"margin\":\"default\"}}]}]}]}],\"version\":\"4.5.21\"} --><\/p>\n","protected":false},"excerpt":{"rendered":"<p>edit\u00f6r Dr. Melike \u015eahinol; U\u011fur Kocager e-mail info@ststurkey.net g\u00f6rseller Aksi belirtilmedik\u00e7e, g\u00f6rseller ya kendi ara\u015ft\u0131rmam\u0131zdan, saha \u00e7al\u0131\u015fmam\u0131zdan, etkinliklerimizden ya da izin al\u0131narak kullan\u0131lm\u0131\u015ft\u0131r. G\u00f6rsel kullan\u0131m\u0131 veya haklar\u0131yla ilgili herhangi bir endi\u015feniz varsa, l\u00fctfen bizimle ileti\u015fime ge\u00e7in. d\u00fczenleme Baz\u0131 blog yaz\u0131lar\u0131 (veya bunlar\u0131n baz\u0131 b\u00f6l\u00fcmleri) netlik, ton veya yap\u0131y\u0131 desteklemek i\u00e7in yapay zeka ara\u00e7lar\u0131 kullan\u0131larak d\u00fczenlenmi\u015f [&hellip;]<\/p>\n","protected":false},"author":1,"featured_media":0,"parent":0,"menu_order":0,"comment_status":"closed","ping_status":"closed","template":"","meta":{"_acf_changed":false,"footnotes":""},"class_list":["post-2633","page","type-page","status-publish","hentry"],"acf":[],"_links":{"self":[{"href":"https:\/\/www.ststurkey.net\/index.php?rest_route=\/wp\/v2\/pages\/2633","targetHints":{"allow":["GET"]}}],"collection":[{"href":"https:\/\/www.ststurkey.net\/index.php?rest_route=\/wp\/v2\/pages"}],"about":[{"href":"https:\/\/www.ststurkey.net\/index.php?rest_route=\/wp\/v2\/types\/page"}],"author":[{"embeddable":true,"href":"https:\/\/www.ststurkey.net\/index.php?rest_route=\/wp\/v2\/users\/1"}],"replies":[{"embeddable":true,"href":"https:\/\/www.ststurkey.net\/index.php?rest_route=%2Fwp%2Fv2%2Fcomments&post=2633"}],"version-history":[{"count":1,"href":"https:\/\/www.ststurkey.net\/index.php?rest_route=\/wp\/v2\/pages\/2633\/revisions"}],"predecessor-version":[{"id":2634,"href":"https:\/\/www.ststurkey.net\/index.php?rest_route=\/wp\/v2\/pages\/2633\/revisions\/2634"}],"wp:attachment":[{"href":"https:\/\/www.ststurkey.net\/index.php?rest_route=%2Fwp%2Fv2%2Fmedia&parent=2633"}],"curies":[{"name":"wp","href":"https:\/\/api.w.org\/{rel}","templated":true}]}}