{"id":2518,"date":"2025-07-17T13:39:59","date_gmt":"2025-07-17T10:39:59","guid":{"rendered":"http:\/\/www.aiarthistorylab.com\/?page_id=2518"},"modified":"2025-07-17T13:39:59","modified_gmt":"2025-07-17T10:39:59","slug":"ws-2024","status":"publish","type":"page","link":"https:\/\/www.ststurkey.net\/?page_id=2518","title":{"rendered":"WS 2024"},"content":{"rendered":"<p><img decoding=\"async\" src=\"http:\/\/www.ststurkey.net\/wp-content\/uploads\/2016\/07\/STSTurkiyeWinterSchool2024-1024x512-1.png\" alt=\"\"><\/p>\n<div>\n<p><i>STS T\u00fcrkiye Bilim, Teknoloji ve Toplum K\u0131\u015f Okulu 2024<\/i><\/p>\n<p><i>Yer \/ Venue: \u0130stanbul Bilgi \u00dcniversitesi, santral kamp\u00fcs\u00fc<\/i><\/p>\n<p><i>D\u00fczenleyenler \/ Organizers: Erkan Saka, Melike \u015eahinol, \u015eafak K\u0131l\u0131\u00e7tepe, Emine \u00d6nc\u00fcler Yayalar, Arsev Umur Ayd\u0131no\u011flu<\/i><\/p>\n<p><i>*Dersler T\u00fcrk\u00e7e veya \u0130ngilizce (bk. sunum ba\u015fl\u0131\u011f\u0131)\u00a0 olarak yap\u0131lacakt\u0131r. \/ The lectures will be held in Turkish or English (see lecture title).<\/i><\/p>\n<\/p>\n<p>STS T\u00fcrkiye Bilim ve Teknoloji \u00c7al\u0131\u015fmalar\u0131 (STS T\u00fcrkiye) Ara\u015ft\u0131rma A\u011f\u0131, \u00fclkemizde Bilim ve Teknoloji \u00c7al\u0131\u015fmalar\u0131 alan\u0131nda ara\u015ft\u0131rma ve e\u011fitim faaliyetlerini te\u015fvik ederek alan\u0131n g\u00f6r\u00fcn\u00fcrl\u00fc\u011f\u00fcn\u00fc ve yayg\u0131nl\u0131\u011f\u0131n\u0131 art\u0131rmak amac\u0131yla \u00e7al\u0131\u015fmalar\u0131na devam etmektedir. STS T\u00fcrkiye K\u0131\u015f Okulu, STS alan\u0131n\u0131n temel teorik \u00e7er\u00e7evelerini, \u00f6nemli kavramlar\u0131n\u0131 ve ilgili tart\u0131\u015fmalar\u0131n\u0131 alana giri\u015f d\u00fczeyinde aktarmak gayesiyle, ilki 2019 Ocak ay\u0131nda Orient-Institut \u0130stanbul\u2019un deste\u011fiyle \u0130stanbul\u2019da,\u00a0 sonrakiler s\u0131ras\u0131yla Bilkent \u00dcniversitesi, ODT\u00dc Tasar\u0131m Fabrikas\u0131 ve \u0130stanbul Bilgi \u00dcniversitesi, Yeni Medya ve \u0130leti\u015fim B\u00f6l\u00fcm\u00fc, Orient-Institut \u0130stanbul deste\u011fi ile d\u00fczenlenmi\u015ftir.<\/p>\n<p>Alt\u0131nc\u0131 STS T\u00fcrkiye Bilim, Teknoloji ve Toplum K\u0131\u015f Okulu, <i>24-26 Ocak 2024<\/i> tarihlerinde \u0130stanbul Bilgi \u00dcniversitesi\u2019nde ger\u00e7ekle\u015ftirilecektir. \u00dc\u00e7 g\u00fcn s\u00fcrecek olan e\u011fitim boyunca farkl\u0131 disiplinlerden ara\u015ft\u0131rmac\u0131 ve akademisyenler STS ile ilgili kuramsal ve metod dersleri verecektir. Bununla birlikte, programda kat\u0131l\u0131mc\u0131lar\u0131n ara\u015ft\u0131rma konular\u0131n\u0131n tart\u0131\u015f\u0131lmas\u0131na da yer ayr\u0131lacakt\u0131r.<\/p>\n<p>G\u00fcn boyu STS alan\u0131na dair pek \u00e7ok farkl\u0131 konunun ele al\u0131naca\u011f\u0131 e\u011fitim y\u00fcz y\u00fcze olacakt\u0131r ve <b>\u00fccretsizdir<\/b>.<\/p>\n<p>Kat\u0131lmak isteyenler ba\u015fvurular\u0131n\u0131 <a href=\"https:\/\/forms.gle\/RRcvCeEtq7VySYaA9\" target=\"_blank\" rel=\"noopener noreferrer\"><strong>buradaki form<\/strong><\/a> \u00fczerinden ger\u00e7ekle\u015ftirebilir. <b>Ba\u015fvuru al\u0131m\u0131 15 Ocak 2024<\/b>\u2018te sonlanacakt\u0131r. Yap\u0131lan ba\u015fvurular\u0131n hepsi hakem de\u011ferlendirmesinden ge\u00e7mektedir. Kontenjan\u0131m\u0131z s\u0131n\u0131rl\u0131d\u0131r. K\u0131\u015f Okuluna kat\u0131l\u0131m\u0131n \u00f6n ko\u015fulunu STS alan\u0131 ve e\u011fitimine duyulan ilginin g\u00f6sterilip gerek\u00e7elendirilmesi olu\u015fturmaktad\u0131r. Kat\u0131lmaya hak kazanan \u00f6\u011frenciler <strong>17 Ocak 2024<\/strong>\u2019de websitemizde duyurulacakt\u0131r.<\/p>\n<\/p>\n<p>Sorular\u0131n\u0131z\u0131 <a class=\"moz-txt-link-freetext\" href=\"mailto:info@ststurkey.net\" target=\"_blank\" rel=\"noopener noreferrer\">info@ststurkey.net<\/a> adresi \u00fczerinden bize iletebilir, ders program\u0131 ve e\u011fitmen listesini <em>yak\u0131nda<\/em> a\u015fa\u011f\u0131da bulabilirsiniz.<\/p>\n<\/p>\n<p><em><strong>24 Ocak, \u00c7ar\u015famba<\/strong><\/em><\/p>\n<p><em>09:00\u201309:30 Tan\u0131\u015fma<\/em><\/p>\n<p>09:30\u201310:30 Kuhn and David Bloor (<em>EN)<\/em> \u2013 Aydan Turanl\u0131, Prof. Dr., \u0130stanbul Teknik \u00dcniversitesi<\/p>\n<p><em>10:30-10:40 \u00c7ay-kahve aras\u0131<\/em><\/p>\n<p>10:40\u201312:10 T\u0131p, Teknoloji ve Biyomedikalizasyon \u2013 G\u00fcl\u015fah Ba\u015fkavak, Dr., Ac\u0131badem \u00dcniversitesi<\/p>\n<p><em>12:10\u201313:00 \u00d6\u011fle yeme\u011fi<\/em><\/p>\n<p>13:00\u201314:00 Yapay Zeka ve Hukuk \u2013 Ba\u015fak Ozan \u00d6zparlak, Dr., \u00d6zye\u011fin \u00dcniversitesi<\/p>\n<p><em>14:00-14:15 \u00c7ay-kahve aras\u0131<\/em><\/p>\n<p>14:15\u201315:15 What Can Cultural Analytics Tell Us about 776 van Gogh Paintings? (<em>EN)<\/em> \u2013 Ivo Ozan Furman, Dr. \u00d6\u011fr. \u00dcyesi, \u0130stanbul Bilgi \u00dcniversitesi<\/p>\n<p><em>15:15-15:30 \u00c7ay-kahve aras\u0131<\/em><\/p>\n<p>15:30-17:00 STS\u2019de Niteliksel Y\u00f6ntemler \u2013 Melike \u015eahinol, Dr., Ba\u011f\u0131ms\u0131z Ara\u015ft\u0131rmac\u0131<\/p>\n<p><em><strong>25 Ocak, Per\u015fembe<\/strong><\/em><\/p>\n<p><em>9:30\u201310:45 \u00d6\u011frenci Tan\u0131\u015fma ve Kar\u015f\u0131la\u015fmalar\u0131<\/em><\/p>\n<p>10:45\u201311:45 Teknoloji ve Kapitalizm \u2013 P\u0131nar Demircan, Dr., Ba\u011f\u0131ms\u0131z Ara\u015ft\u0131rmac\u0131<\/p>\n<p><em>11:45-12:00 \u00c7ay-kahve aras\u0131<\/em><\/p>\n<p>12:00\u201313:00 Analogical Reasoning Examples in Science &amp; Technology Studies <em>(EN)<\/em> \u2013 \u0130skender G\u00f6kalp, Prof. Dr., T\u00dcB\u0130TAK Marmara Ara\u015ft\u0131rma Merkezi Gebze<\/p>\n<p><em>13:00\u201314:00 \u00d6\u011fle yeme\u011fi<\/em><\/p>\n<p>14:00\u201315:00 Erken D\u00f6nem STS Teorileri \u2013 Emine \u00d6nc\u00fcler Yayalar, Dr., Bilkent \u00dcniversitesi<\/p>\n<p>15:00-16:30 Yapay Zekaya Antropolojik bir Bak\u0131\u015f \u2013 Erkan Saka, Prof. Dr., \u0130stanbul Bilgi \u00dcniversitesi<\/p>\n<p><em>16:30-16:45 \u00c7ay-kahve aras\u0131<\/em><\/p>\n<p>16:45-17:45 STS ve Sanatsal Ara\u015ft\u0131rma \u2013 Emre S\u00fcnter, Dr., Kadir Has \u00dcniversitesi<\/p>\n<p><strong><em>26 Ocak, Cuma<\/em><\/strong><\/p>\n<p>09:30\u201311:00 Technology Assessment ve RRI \u2013 Arsev Umur Ayd\u0131no\u011flu, Dr., Orta Do\u011fu Teknik \u00dcniversitesi<\/p>\n<p>11:00-12:15 Feminist Bilim ve Teknoloji \u00c7al\u0131\u015fmalar\u0131 \u2013 \u015eafak K\u0131l\u0131\u00e7tepe, Dr. \u00d6\u011fr. \u00dcyesi, Ahi Evran \u00dcniversitesi<\/p>\n<p><em>12:15-13:30 \u00d6\u011flen yeme\u011fi<\/em><\/p>\n<p>13:30-15:00 \u00d6\u011frenci Sunumlar\u0131<\/p>\n<p><em>15:00-15:15 \u00c7ay-kahve aras\u0131<\/em><\/p>\n<p>15:15-16:45 Geri bildirimler<\/p>\n<\/div>\n<p><!--more--><br \/>\n<!-- {\"type\":\"layout\",\"children\":[{\"type\":\"section\",\"props\":{\"image_position\":\"center-center\",\"style\":\"default\",\"title_breakpoint\":\"xl\",\"title_position\":\"top-left\",\"title_rotation\":\"left\",\"vertical_align\":\"middle\",\"width\":\"default\"},\"children\":[{\"type\":\"row\",\"children\":[{\"type\":\"column\",\"props\":{\"image_position\":\"center-center\",\"position_sticky_breakpoint\":\"m\"},\"children\":[{\"type\":\"image\",\"props\":{\"image\":\"http:\\\/\\\/www.ststurkey.net\\\/wp-content\\\/uploads\\\/2016\\\/07\\\/STSTurkiyeWinterSchool2024-1024x512-1.png\",\"image_svg_color\":\"emphasis\",\"margin\":\"default\"}},{\"type\":\"text\",\"props\":{\"column_breakpoint\":\"m\",\"content\":\"\n\n<p><i>STS T\\u00fcrkiye Bilim, Teknoloji ve Toplum K\\u0131\\u015f Okulu 2024<\\\/i><\\\/p>\\n\n\n<p><i>Yer \\\/ Venue: \\u0130stanbul Bilgi \\u00dcniversitesi, santral kamp\\u00fcs\\u00fc<\\\/i><\\\/p>\\n\n\n<p><i>D\\u00fczenleyenler \\\/ Organizers: Erkan Saka, Melike \\u015eahinol, \\u015eafak K\\u0131l\\u0131\\u00e7tepe, Emine \\u00d6nc\\u00fcler Yayalar, Arsev Umur Ayd\\u0131no\\u011flu<\\\/i><\\\/p>\\n\n\n<p><i>*Dersler T\\u00fcrk\\u00e7e veya \\u0130ngilizce (bk. sunum ba\\u015fl\\u0131\\u011f\\u0131)\\u00a0 olarak yap\\u0131lacakt\\u0131r. \\\/ The lectures will be held in Turkish or English (see lecture title).<\\\/i><\\\/p>\\n\n\n<p><\\\/p>\\n\n\n<p>STS T\\u00fcrkiye Bilim ve Teknoloji \\u00c7al\\u0131\\u015fmalar\\u0131 (STS T\\u00fcrkiye) Ara\\u015ft\\u0131rma A\\u011f\\u0131, \\u00fclkemizde Bilim ve Teknoloji \\u00c7al\\u0131\\u015fmalar\\u0131 alan\\u0131nda ara\\u015ft\\u0131rma ve e\\u011fitim faaliyetlerini te\\u015fvik ederek alan\\u0131n g\\u00f6r\\u00fcn\\u00fcrl\\u00fc\\u011f\\u00fcn\\u00fc ve yayg\\u0131nl\\u0131\\u011f\\u0131n\\u0131 art\\u0131rmak amac\\u0131yla \\u00e7al\\u0131\\u015fmalar\\u0131na devam etmektedir. STS T\\u00fcrkiye K\\u0131\\u015f Okulu, STS alan\\u0131n\\u0131n temel teorik \\u00e7er\\u00e7evelerini, \\u00f6nemli kavramlar\\u0131n\\u0131 ve ilgili tart\\u0131\\u015fmalar\\u0131n\\u0131 alana giri\\u015f d\\u00fczeyinde aktarmak gayesiyle, ilki 2019 Ocak ay\\u0131nda Orient-Institut \\u0130stanbul\\u2019un deste\\u011fiyle \\u0130stanbul\\u2019da,\\u00a0 sonrakiler s\\u0131ras\\u0131yla Bilkent \\u00dcniversitesi, ODT\\u00dc Tasar\\u0131m Fabrikas\\u0131 ve \\u0130stanbul Bilgi \\u00dcniversitesi, Yeni Medya ve \\u0130leti\\u015fim B\\u00f6l\\u00fcm\\u00fc, Orient-Institut \\u0130stanbul deste\\u011fi ile d\\u00fczenlenmi\\u015ftir.<\\\/p>\\n\n\n<p>Alt\\u0131nc\\u0131 STS T\\u00fcrkiye Bilim, Teknoloji ve Toplum K\\u0131\\u015f Okulu, <i>24-26 Ocak 2024<\\\/i> tarihlerinde \\u0130stanbul Bilgi \\u00dcniversitesi\\u2019nde ger\\u00e7ekle\\u015ftirilecektir. \\u00dc\\u00e7 g\\u00fcn s\\u00fcrecek olan e\\u011fitim boyunca farkl\\u0131 disiplinlerden ara\\u015ft\\u0131rmac\\u0131 ve akademisyenler STS ile ilgili kuramsal ve metod dersleri verecektir. Bununla birlikte, programda kat\\u0131l\\u0131mc\\u0131lar\\u0131n ara\\u015ft\\u0131rma konular\\u0131n\\u0131n tart\\u0131\\u015f\\u0131lmas\\u0131na da yer ayr\\u0131lacakt\\u0131r.<\\\/p>\\n\n\n<p>G\\u00fcn boyu STS alan\\u0131na dair pek \\u00e7ok farkl\\u0131 konunun ele al\\u0131naca\\u011f\\u0131 e\\u011fitim y\\u00fcz y\\u00fcze olacakt\\u0131r ve <b>\\u00fccretsizdir<\\\/b>.<\\\/p>\\n\n\n<p>Kat\\u0131lmak isteyenler ba\\u015fvurular\\u0131n\\u0131 <a href=\\\"https:\\\/\\\/forms.gle\\\/RRcvCeEtq7VySYaA9\\\" target=\\\"_blank\\\" rel=\\\"noopener noreferrer\\\"><strong>buradaki form<\\\/strong><\\\/a> \\u00fczerinden ger\\u00e7ekle\\u015ftirebilir. <b>Ba\\u015fvuru al\\u0131m\\u0131 15 Ocak 2024<\\\/b>\\u2018te sonlanacakt\\u0131r. Yap\\u0131lan ba\\u015fvurular\\u0131n hepsi hakem de\\u011ferlendirmesinden ge\\u00e7mektedir. Kontenjan\\u0131m\\u0131z s\\u0131n\\u0131rl\\u0131d\\u0131r. K\\u0131\\u015f Okuluna kat\\u0131l\\u0131m\\u0131n \\u00f6n ko\\u015fulunu STS alan\\u0131 ve e\\u011fitimine duyulan ilginin g\\u00f6sterilip gerek\\u00e7elendirilmesi olu\\u015fturmaktad\\u0131r. Kat\\u0131lmaya hak kazanan \\u00f6\\u011frenciler <strong>17 Ocak 2024<\\\/strong>\\u2019de websitemizde duyurulacakt\\u0131r.<\\\/p>\\n\n\n<p><\\\/p>\\n\n\n<p>Sorular\\u0131n\\u0131z\\u0131 <a class=\\\"moz-txt-link-freetext\\\" href=\\\"mailto:info@ststurkey.net\\\" target=\\\"_blank\\\" rel=\\\"noopener noreferrer\\\">info@ststurkey.net<\\\/a> adresi \\u00fczerinden bize iletebilir, ders program\\u0131 ve e\\u011fitmen listesini <em>yak\\u0131nda<\\\/em> a\\u015fa\\u011f\\u0131da bulabilirsiniz.<\\\/p>\\n\n\n<p><\\\/p>\\n\n\n<p><em><strong>24 Ocak, \\u00c7ar\\u015famba<\\\/strong><\\\/em><\\\/p>\\n\n\n<p><em>09:00\\u201309:30 Tan\\u0131\\u015fma<\\\/em><\\\/p>\\n\n\n<p>09:30\\u201310:30 Kuhn and David Bloor (<em>EN)<\\\/em> \\u2013 Aydan Turanl\\u0131, Prof. Dr., \\u0130stanbul Teknik \\u00dcniversitesi<\\\/p>\\n\n\n<p><em>10:30-10:40 \\u00c7ay-kahve aras\\u0131<\\\/em><\\\/p>\\n\n\n<p>10:40\\u201312:10 T\\u0131p, Teknoloji ve Biyomedikalizasyon \\u2013 G\\u00fcl\\u015fah Ba\\u015fkavak, Dr., Ac\\u0131badem \\u00dcniversitesi<\\\/p>\\n\n\n<p><em>12:10\\u201313:00 \\u00d6\\u011fle yeme\\u011fi<\\\/em><\\\/p>\\n\n\n<p>13:00\\u201314:00 Yapay Zeka ve Hukuk \\u2013 Ba\\u015fak Ozan \\u00d6zparlak, Dr., \\u00d6zye\\u011fin \\u00dcniversitesi<\\\/p>\\n\n\n<p><em>14:00-14:15 \\u00c7ay-kahve aras\\u0131<\\\/em><\\\/p>\\n\n\n<p>14:15\\u201315:15 What Can Cultural Analytics Tell Us about 776 van Gogh Paintings? (<em>EN)<\\\/em> \\u2013 Ivo Ozan Furman, Dr. \\u00d6\\u011fr. \\u00dcyesi, \\u0130stanbul Bilgi \\u00dcniversitesi<\\\/p>\\n\n\n<p><em>15:15-15:30 \\u00c7ay-kahve aras\\u0131<\\\/em><\\\/p>\\n\n\n<p>15:30-17:00 STS\\u2019de Niteliksel Y\\u00f6ntemler \\u2013 Melike \\u015eahinol, Dr., Ba\\u011f\\u0131ms\\u0131z Ara\\u015ft\\u0131rmac\\u0131<\\\/p>\\n\n\n<p><em><strong>25 Ocak, Per\\u015fembe<\\\/strong><\\\/em><\\\/p>\\n\n\n<p><em>9:30\\u201310:45 \\u00d6\\u011frenci Tan\\u0131\\u015fma ve Kar\\u015f\\u0131la\\u015fmalar\\u0131<\\\/em><\\\/p>\\n\n\n<p>10:45\\u201311:45 Teknoloji ve Kapitalizm \\u2013 P\\u0131nar Demircan, Dr., Ba\\u011f\\u0131ms\\u0131z Ara\\u015ft\\u0131rmac\\u0131<\\\/p>\\n\n\n<p><em>11:45-12:00 \\u00c7ay-kahve aras\\u0131<\\\/em><\\\/p>\\n\n\n<p>12:00\\u201313:00 Analogical Reasoning Examples in Science &amp; Technology Studies <em>(EN)<\\\/em> \\u2013 \\u0130skender G\\u00f6kalp, Prof. Dr., T\\u00dcB\\u0130TAK Marmara Ara\\u015ft\\u0131rma Merkezi Gebze<\\\/p>\\n\n\n<p><em>13:00\\u201314:00 \\u00d6\\u011fle yeme\\u011fi<\\\/em><\\\/p>\\n\n\n<p>14:00\\u201315:00 Erken D\\u00f6nem STS Teorileri \\u2013 Emine \\u00d6nc\\u00fcler Yayalar, Dr., Bilkent \\u00dcniversitesi<\\\/p>\\n\n\n<p>15:00-16:30 Yapay Zekaya Antropolojik bir Bak\\u0131\\u015f \\u2013 Erkan Saka, Prof. Dr., \\u0130stanbul Bilgi \\u00dcniversitesi<\\\/p>\\n\n\n<p><em>16:30-16:45 \\u00c7ay-kahve aras\\u0131<\\\/em><\\\/p>\\n\n\n<p>16:45-17:45 STS ve Sanatsal Ara\\u015ft\\u0131rma \\u2013 Emre S\\u00fcnter, Dr., Kadir Has \\u00dcniversitesi<\\\/p>\\n\n\n<p><strong><em>26 Ocak, Cuma<\\\/em><\\\/strong><\\\/p>\\n\n\n<p>09:30\\u201311:00 Technology Assessment ve RRI \\u2013 Arsev Umur Ayd\\u0131no\\u011flu, Dr., Orta Do\\u011fu Teknik \\u00dcniversitesi<\\\/p>\\n\n\n<p>11:00-12:15 Feminist Bilim ve Teknoloji \\u00c7al\\u0131\\u015fmalar\\u0131 \\u2013 \\u015eafak K\\u0131l\\u0131\\u00e7tepe, Dr. \\u00d6\\u011fr. \\u00dcyesi, Ahi Evran \\u00dcniversitesi<\\\/p>\\n\n\n<p><em>12:15-13:30 \\u00d6\\u011flen yeme\\u011fi<\\\/em><\\\/p>\\n\n\n<p>13:30-15:00 \\u00d6\\u011frenci Sunumlar\\u0131<\\\/p>\\n\n\n<p><em>15:00-15:15 \\u00c7ay-kahve aras\\u0131<\\\/em><\\\/p>\\n\n\n<p>15:15-16:45 Geri bildirimler<\\\/p>\",\"margin\":\"default\"}}]}]}]}],\"version\":\"4.5.21\"} --><\/p>\n","protected":false},"excerpt":{"rendered":"<p>STS T\u00fcrkiye Bilim, Teknoloji ve Toplum K\u0131\u015f Okulu 2024 Yer \/ Venue: \u0130stanbul Bilgi \u00dcniversitesi, santral kamp\u00fcs\u00fc D\u00fczenleyenler \/ Organizers: Erkan Saka, Melike \u015eahinol, \u015eafak K\u0131l\u0131\u00e7tepe, Emine \u00d6nc\u00fcler Yayalar, Arsev Umur Ayd\u0131no\u011flu *Dersler T\u00fcrk\u00e7e veya \u0130ngilizce (bk. sunum ba\u015fl\u0131\u011f\u0131)\u00a0 olarak yap\u0131lacakt\u0131r. \/ The lectures will be held in Turkish or English (see lecture title). STS [&hellip;]<\/p>\n","protected":false},"author":1,"featured_media":0,"parent":0,"menu_order":0,"comment_status":"closed","ping_status":"closed","template":"","meta":{"_acf_changed":false,"footnotes":""},"class_list":["post-2518","page","type-page","status-publish","hentry"],"acf":[],"_links":{"self":[{"href":"https:\/\/www.ststurkey.net\/index.php?rest_route=\/wp\/v2\/pages\/2518","targetHints":{"allow":["GET"]}}],"collection":[{"href":"https:\/\/www.ststurkey.net\/index.php?rest_route=\/wp\/v2\/pages"}],"about":[{"href":"https:\/\/www.ststurkey.net\/index.php?rest_route=\/wp\/v2\/types\/page"}],"author":[{"embeddable":true,"href":"https:\/\/www.ststurkey.net\/index.php?rest_route=\/wp\/v2\/users\/1"}],"replies":[{"embeddable":true,"href":"https:\/\/www.ststurkey.net\/index.php?rest_route=%2Fwp%2Fv2%2Fcomments&post=2518"}],"version-history":[{"count":1,"href":"https:\/\/www.ststurkey.net\/index.php?rest_route=\/wp\/v2\/pages\/2518\/revisions"}],"predecessor-version":[{"id":2519,"href":"https:\/\/www.ststurkey.net\/index.php?rest_route=\/wp\/v2\/pages\/2518\/revisions\/2519"}],"wp:attachment":[{"href":"https:\/\/www.ststurkey.net\/index.php?rest_route=%2Fwp%2Fv2%2Fmedia&parent=2518"}],"curies":[{"name":"wp","href":"https:\/\/api.w.org\/{rel}","templated":true}]}}