{"id":2514,"date":"2025-07-17T13:39:07","date_gmt":"2025-07-17T10:39:07","guid":{"rendered":"http:\/\/www.aiarthistorylab.com\/?page_id=2514"},"modified":"2025-07-17T13:39:07","modified_gmt":"2025-07-17T10:39:07","slug":"ws-2022","status":"publish","type":"page","link":"https:\/\/www.ststurkey.net\/?page_id=2514","title":{"rendered":"WS 2022"},"content":{"rendered":"<p><img decoding=\"async\" src=\"http:\/\/www.ststurkey.net\/wp-content\/uploads\/2022\/02\/sts-turkey-kisokulu22-1-scaled.png\" alt=\"\"><\/p>\n<div>\n<p><em>D\u00fczenleyenler<\/em><em>: STS TURKEY Koordinasyonu \u00fcyeleri (Erkan Saka, Emine \u00d6nc\u00fcler Yayalar, Melike \u015eahinol, \u015eafak K\u0131l\u0131\u00e7tepe, Arsev Umur Ayd\u0131no\u011flu, Ali O. \u0130lhan) <\/em><\/p>\n<p><em>Destekleyenler: \u0130stanbul Bilgi \u00dcniversitesi, Yeni Medya ve \u0130leti\u015fim B\u00f6l\u00fcm\u00fc <\/em><\/p>\n<p><em>Yer: \u00c7evrimi\u00e7i<br \/><\/em><\/p>\n<\/p>\n<p>STS TURKEY Bilim ve Teknoloji \u00c7al\u0131\u015fmalar\u0131 (STS) Ara\u015ft\u0131rma A\u011f\u0131, \u00fclkemizde Bilim ve Teknoloji \u00c7al\u0131\u015fmalar\u0131 alan\u0131nda ara\u015ft\u0131rma ve e\u011fitim faaliyetlerini te\u015fvik ederek alan\u0131n g\u00f6r\u00fcn\u00fcrl\u00fc\u011f\u00fcn\u00fc ve yayg\u0131nl\u0131\u011f\u0131n\u0131 art\u0131rmak amac\u0131yla \u00e7al\u0131\u015fmalar\u0131na devam etmektedir. STS TURKEY K\u0131\u015f Okulu, STS alan\u0131n\u0131n temel teorik \u00e7er\u00e7evelerini, \u00f6nemli kavramlar\u0131n\u0131 ve ilgili tart\u0131\u015fmalar\u0131n\u0131 alana giri\u015f d\u00fczeyinde aktarmak gayesiyle, ilki 2019 Ocak ay\u0131nda Orient-Institut \u0130stanbul\u2019un deste\u011fiyle \u0130stanbul\u2019da, ikincisi 2020 Ocak ay\u0131nda Bilkent \u00dcniversitesi ve ODT\u00dc Tasar\u0131m Fabrikas\u0131 deste\u011fiyle Ankara\u2019da, ve \u00fc\u00e7\u00fcnc\u00fcs\u00fc ise \u0130stanbul Bilgi \u00dcniversitesi, Yeni Medya ve \u0130leti\u015fim B\u00f6l\u00fcm\u00fc deste\u011fi ile \u00e7evrimi\u00e7i olarak d\u00fczenlenmi\u015ftir.<\/p>\n<p>\u0130stanbul Bilgi \u00dcniversitesi\u2019nin destekledi\u011fi d\u00f6rd\u00fcnc\u00fc STS TURKEY Bilim, Teknoloji ve Toplum K\u0131\u015f Okulu, 23 \u2013 25 \u015eubat 2022 tarihlerinde ger\u00e7ekle\u015ftirilecektir. \u00dc\u00e7 g\u00fcn s\u00fcrecek olan e\u011fitim boyunca, farkl\u0131 disiplinlerden ara\u015ft\u0131rmac\u0131 ve akademisyenler STS ile ilgili kuramsal ve metot dersleri verecektir. Programda kat\u0131l\u0131mc\u0131lar\u0131n ara\u015ft\u0131rma konular\u0131n\u0131n tart\u0131\u015f\u0131lmas\u0131na da yer ayr\u0131lacakt\u0131r.<\/p>\n<p>Mevcut pandemi ko\u015fullar\u0131 nedeniyle, STS TURKEY K\u0131\u015f Okulu 2022 \u00e7evrimi\u00e7i formatta ger\u00e7ekle\u015fecektir. Kat\u0131l\u0131m\u0131n \u00fccretsiz oldu\u011fu K\u0131\u015f Okulu ile ilgilenen \u00f6\u011frenciler i\u00e7in ba\u015fvuru formu 14 \u015eubat 2022 tarihine kadar a\u00e7\u0131k olacakt\u0131r. \u0130lgili forma buradaki ba\u011flant\u0131dan eri\u015febilirsiniz:<\/p>\n<p><a href=\"https:\/\/forms.gle\/zbLa2oGtuiTuAV127\" target=\"_blank\" rel=\"noopener noreferrer\" data-saferedirecturl=\"https:\/\/www.google.com\/url?q=https:\/\/forms.gle\/zbLa2oGtuiTuAV127&amp;source=gmail&amp;ust=1643990414862000&amp;usg=AOvVaw0Oi6gO8HoTdMQBF0C0W9Dt\">https:\/\/forms.gle\/<wbr \/>zbLa2oGtuiTuAV127<\/a><\/p>\n<p>Kat\u0131lmaya hak kazanan \u00f6\u011frenciler 18 \u015eubat 2022\u2019de websitemizde duyurulacakt\u0131r. Sorular\u0131n\u0131z\u0131 <a href=\"mailto:info@ststurkey.net\" target=\"_blank\" rel=\"noopener noreferrer\">info@ststurkey.net<\/a> adresi \u00fczerinden bize iletebilir, ders program\u0131 ve e\u011fitmen listesini a\u015fa\u011f\u0131da bulabilirsiniz.<\/p>\n<p><em>*Dersler, dersin ba\u015fl\u0131\u011f\u0131na g\u00f6re \u0130ngilizce ya da T\u00fcrk\u00e7e olarak yap\u0131lacakt\u0131r. \/ The lectures will be held in English or Turkish based on the title of the lecture.<\/em><\/p>\n<\/p>\n<p><strong>23 \u015eubat, \u00c7ar\u015famba \/ 23 February, Wednesday<\/strong><\/p>\n<p>09:00\u201309:30 Tan\u0131\u015fma \/ Get together<\/p>\n<p>09:30\u201310:30 Algoritmalara antropolojik bir bak\u0131\u015f \u2013 Erkan Saka (Do\u00e7. Dr., \u0130stanbul Bilgi \u00dcniversitesi)<br \/>10:30\u201311:30 STS Perspektifinden Cerrahi: Biyomedikalle\u015fme ve Robotik Cerrahi\u00a0 \u2013 G\u00fcl\u015fah Ba\u015fkavak (Dr., Orient-Institut Istanbul)<br \/>11:30\u201312:30 B\u00fcy\u00fck Veri ve Yapay Zeka Eti\u011fi \u2013 Yusuf Y\u00fcksekda\u011f (Dr. \u00d6\u011fr. \u00dcyesi, \u0130stanbul Bilgi \u00dcniversitesi)<\/p>\n<p>12:30\u201313:30 \u00d6\u011fle yeme\u011fi \/ Lunch<\/p>\n<p>13:30\u201314:30 STS\u2019de Niteliksel Y\u00f6ntemler \u2013 Melike \u015eahinol (Dr., Orient-Institut Istanbul)<br \/>14:30\u201315:30 Energy Transition Problems as Exemplar STS Topics \u2013 \u0130skender G\u00f6kalp (Prof. Dr., Orta Do\u011fu Teknik \u00dcniversitesi)<\/p>\n<p><strong>24 \u015eubat, Per\u015fembe \/ 24 February, Thursday<\/strong><\/p>\n<p>9:30\u201310:30 Dreaming of freedom-machines: reflections on Rousseau, Foucault and STS \u2013 Eric Deibel (\u00d6\u011fr. G\u00f6r. Dr., Bilkent University)<br \/>10:30\u201311:30 \u0130nsan-olmayanlar\u0131n failli\u011fi ve politika \u2013 Ebru Kayaalp Jurich (Do\u00e7. Dr., Yeditepe \u00dcniversitesi)<br \/>11:30\u201312:30 Bilim ve Toplumsal Hareketler \u2013 Ali O. \u0130lhan (Dr. \u00d6\u011fr. \u00dcyesi, \u00d6zye\u011fin \u00dcniversitesi)<\/p>\n<p>12:30\u201313:30 \u00d6\u011fle yeme\u011fi \/ Lunch<\/p>\n<p>13:30\u201314:30 Kapsay\u0131c\u0131 Tasar\u0131m \u2013 Emine \u00d6nc\u00fcler Yayalar (\u00d6\u011fr. G\u00f6r. Dr., Bilkent \u00dcniversitesi), \u015eafak K\u0131l\u0131\u00e7tepe (\u00d6\u011fr. G\u00f6r. Dr., K\u0131r\u015fehir Ahi Evran \u00dcniversitesi)<\/p>\n<p>14:30\u201315:30 Kat\u0131l\u0131mc\u0131 sunumlar\u0131 ve tart\u0131\u015fmalar \/ Participant presentations and discussion<\/p>\n<p><strong>25 \u015eubat, Cuma \/ 25 February, Friday<\/strong><\/p>\n<p>09:30\u201310:30 Yapay zeka, robotik ve hukuk \u2013 Ba\u015fak Ozan \u00d6zparlak (Dr., Avukat)<br \/>10:30\u201311:30 Incorporating Publics and Stakeholders into Technological Decisions: Theory and Practice \u2013 Robin Ann Downey (\u00d6\u011fr. G\u00f6r. Dr., Bilkent University)<br \/>11:30-12:30 Bilim \u0130leti\u015fimi \u2013 Arsev Umur Ayd\u0131no\u011flu (Dr. \u00d6\u011fr. \u00dcyesi, Orta Do\u011fu Teknik \u00dcniversitesi)<\/p>\n<p>12:30\u201313:30 \u00d6\u011fle yeme\u011fi \/ Lunch<\/p>\n<p>13:30\u201314:30 Training computer vision algorithms on TV Series: Detecting conspiracies in Payitaht \u2013 Ivo Furman (Dr. \u00d6\u011fr. \u00dcyesi, \u0130stanbul Bilgi \u00dcniversitesi), Mustafa O\u011fuzhan \u00c7olak (Marie-Curie Fellow, Leiden \u00dcniversitesi), Abdulkadir Albayrak (Dr. \u00d6\u011fr. \u00dcyesi, Dicle \u00dcniversitesi)<\/p>\n<p>14:30\u201315:30 Kat\u0131l\u0131mc\u0131 sunumlar\u0131 ve kapan\u0131\u015f tart\u0131\u015fmalar\u0131 \/ Participant presentations and closing discussion<\/p>\n<\/div>\n<p><!--more--><br \/>\n<!-- {\"type\":\"layout\",\"children\":[{\"type\":\"section\",\"props\":{\"image_position\":\"center-center\",\"style\":\"default\",\"title_breakpoint\":\"xl\",\"title_position\":\"top-left\",\"title_rotation\":\"left\",\"vertical_align\":\"middle\",\"width\":\"default\"},\"children\":[{\"type\":\"row\",\"children\":[{\"type\":\"column\",\"props\":{\"image_position\":\"center-center\",\"position_sticky_breakpoint\":\"m\"},\"children\":[{\"type\":\"image\",\"props\":{\"image\":\"http:\\\/\\\/www.ststurkey.net\\\/wp-content\\\/uploads\\\/2022\\\/02\\\/sts-turkey-kisokulu22-1-scaled.png\",\"image_svg_color\":\"emphasis\",\"margin\":\"default\"}},{\"type\":\"text\",\"props\":{\"column_breakpoint\":\"m\",\"content\":\"\n\n<p><em>D\\u00fczenleyenler<\\\/em><em>: STS TURKEY Koordinasyonu \\u00fcyeleri (Erkan Saka, Emine \\u00d6nc\\u00fcler Yayalar, Melike \\u015eahinol, \\u015eafak K\\u0131l\\u0131\\u00e7tepe, Arsev Umur Ayd\\u0131no\\u011flu, Ali O. \\u0130lhan) <\\\/em><\\\/p>\\n\n\n<p><em>Destekleyenler: \\u0130stanbul Bilgi \\u00dcniversitesi, Yeni Medya ve \\u0130leti\\u015fim B\\u00f6l\\u00fcm\\u00fc <\\\/em><\\\/p>\\n\n\n<p><em>Yer: \\u00c7evrimi\\u00e7i<br \\\/><\\\/em><\\\/p>\\n\n\n<p><\\\/p>\\n\n\n<p>STS TURKEY Bilim ve Teknoloji \\u00c7al\\u0131\\u015fmalar\\u0131 (STS) Ara\\u015ft\\u0131rma A\\u011f\\u0131, \\u00fclkemizde Bilim ve Teknoloji \\u00c7al\\u0131\\u015fmalar\\u0131 alan\\u0131nda ara\\u015ft\\u0131rma ve e\\u011fitim faaliyetlerini te\\u015fvik ederek alan\\u0131n g\\u00f6r\\u00fcn\\u00fcrl\\u00fc\\u011f\\u00fcn\\u00fc ve yayg\\u0131nl\\u0131\\u011f\\u0131n\\u0131 art\\u0131rmak amac\\u0131yla \\u00e7al\\u0131\\u015fmalar\\u0131na devam etmektedir. STS TURKEY K\\u0131\\u015f Okulu, STS alan\\u0131n\\u0131n temel teorik \\u00e7er\\u00e7evelerini, \\u00f6nemli kavramlar\\u0131n\\u0131 ve ilgili tart\\u0131\\u015fmalar\\u0131n\\u0131 alana giri\\u015f d\\u00fczeyinde aktarmak gayesiyle, ilki 2019 Ocak ay\\u0131nda Orient-Institut \\u0130stanbul\\u2019un deste\\u011fiyle \\u0130stanbul\\u2019da, ikincisi 2020 Ocak ay\\u0131nda Bilkent \\u00dcniversitesi ve ODT\\u00dc Tasar\\u0131m Fabrikas\\u0131 deste\\u011fiyle Ankara\\u2019da, ve \\u00fc\\u00e7\\u00fcnc\\u00fcs\\u00fc ise \\u0130stanbul Bilgi \\u00dcniversitesi, Yeni Medya ve \\u0130leti\\u015fim B\\u00f6l\\u00fcm\\u00fc deste\\u011fi ile \\u00e7evrimi\\u00e7i olarak d\\u00fczenlenmi\\u015ftir.<\\\/p>\\n\n\n<p>\\u0130stanbul Bilgi \\u00dcniversitesi\\u2019nin destekledi\\u011fi d\\u00f6rd\\u00fcnc\\u00fc STS TURKEY Bilim, Teknoloji ve Toplum K\\u0131\\u015f Okulu, 23 \\u2013 25 \\u015eubat 2022 tarihlerinde ger\\u00e7ekle\\u015ftirilecektir. \\u00dc\\u00e7 g\\u00fcn s\\u00fcrecek olan e\\u011fitim boyunca, farkl\\u0131 disiplinlerden ara\\u015ft\\u0131rmac\\u0131 ve akademisyenler STS ile ilgili kuramsal ve metot dersleri verecektir. Programda kat\\u0131l\\u0131mc\\u0131lar\\u0131n ara\\u015ft\\u0131rma konular\\u0131n\\u0131n tart\\u0131\\u015f\\u0131lmas\\u0131na da yer ayr\\u0131lacakt\\u0131r.<\\\/p>\\n\n\n<p>Mevcut pandemi ko\\u015fullar\\u0131 nedeniyle, STS TURKEY K\\u0131\\u015f Okulu 2022 \\u00e7evrimi\\u00e7i formatta ger\\u00e7ekle\\u015fecektir. Kat\\u0131l\\u0131m\\u0131n \\u00fccretsiz oldu\\u011fu K\\u0131\\u015f Okulu ile ilgilenen \\u00f6\\u011frenciler i\\u00e7in ba\\u015fvuru formu 14 \\u015eubat 2022 tarihine kadar a\\u00e7\\u0131k olacakt\\u0131r. \\u0130lgili forma buradaki ba\\u011flant\\u0131dan eri\\u015febilirsiniz:<\\\/p>\\n\n\n<p><a href=\\\"https:\\\/\\\/forms.gle\\\/zbLa2oGtuiTuAV127\\\" target=\\\"_blank\\\" rel=\\\"noopener noreferrer\\\" data-saferedirecturl=\\\"https:\\\/\\\/www.google.com\\\/url?q=https:\\\/\\\/forms.gle\\\/zbLa2oGtuiTuAV127&amp;source=gmail&amp;ust=1643990414862000&amp;usg=AOvVaw0Oi6gO8HoTdMQBF0C0W9Dt\\\">https:\\\/\\\/forms.gle\\\/<wbr \\\/>zbLa2oGtuiTuAV127<\\\/a><\\\/p>\\n\n\n<p>Kat\\u0131lmaya hak kazanan \\u00f6\\u011frenciler 18 \\u015eubat 2022\\u2019de websitemizde duyurulacakt\\u0131r. Sorular\\u0131n\\u0131z\\u0131 <a href=\\\"mailto:info@ststurkey.net\\\" target=\\\"_blank\\\" rel=\\\"noopener noreferrer\\\">info@ststurkey.net<\\\/a> adresi \\u00fczerinden bize iletebilir, ders program\\u0131 ve e\\u011fitmen listesini a\\u015fa\\u011f\\u0131da bulabilirsiniz.<\\\/p>\\n\n\n<p><em>*Dersler, dersin ba\\u015fl\\u0131\\u011f\\u0131na g\\u00f6re \\u0130ngilizce ya da T\\u00fcrk\\u00e7e olarak yap\\u0131lacakt\\u0131r. \\\/ The lectures will be held in English or Turkish based on the title of the lecture.<\\\/em><\\\/p>\\n\n\n<p><\\\/p>\\n\n\n<p><strong>23 \\u015eubat, \\u00c7ar\\u015famba \\\/ 23 February, Wednesday<\\\/strong><\\\/p>\\n\n\n<p>09:00\\u201309:30 Tan\\u0131\\u015fma \\\/ Get together<\\\/p>\\n\n\n<p>09:30\\u201310:30 Algoritmalara antropolojik bir bak\\u0131\\u015f \\u2013 Erkan Saka (Do\\u00e7. Dr., \\u0130stanbul Bilgi \\u00dcniversitesi)<br \\\/>10:30\\u201311:30 STS Perspektifinden Cerrahi: Biyomedikalle\\u015fme ve Robotik Cerrahi\\u00a0 \\u2013 G\\u00fcl\\u015fah Ba\\u015fkavak (Dr., Orient-Institut Istanbul)<br \\\/>11:30\\u201312:30 B\\u00fcy\\u00fck Veri ve Yapay Zeka Eti\\u011fi \\u2013 Yusuf Y\\u00fcksekda\\u011f (Dr. \\u00d6\\u011fr. \\u00dcyesi, \\u0130stanbul Bilgi \\u00dcniversitesi)<\\\/p>\\n\n\n<p>12:30\\u201313:30 \\u00d6\\u011fle yeme\\u011fi \\\/ Lunch<\\\/p>\\n\n\n<p>13:30\\u201314:30 STS\\u2019de Niteliksel Y\\u00f6ntemler \\u2013 Melike \\u015eahinol (Dr., Orient-Institut Istanbul)<br \\\/>14:30\\u201315:30 Energy Transition Problems as Exemplar STS Topics \\u2013 \\u0130skender G\\u00f6kalp (Prof. Dr., Orta Do\\u011fu Teknik \\u00dcniversitesi)<\\\/p>\\n\n\n<p><strong>24 \\u015eubat, Per\\u015fembe \\\/ 24 February, Thursday<\\\/strong><\\\/p>\\n\n\n<p>9:30\\u201310:30 Dreaming of freedom-machines: reflections on Rousseau, Foucault and STS \\u2013 Eric Deibel (\\u00d6\\u011fr. G\\u00f6r. Dr., Bilkent University)<br \\\/>10:30\\u201311:30 \\u0130nsan-olmayanlar\\u0131n failli\\u011fi ve politika \\u2013 Ebru Kayaalp Jurich (Do\\u00e7. Dr., Yeditepe \\u00dcniversitesi)<br \\\/>11:30\\u201312:30 Bilim ve Toplumsal Hareketler \\u2013 Ali O. \\u0130lhan (Dr. \\u00d6\\u011fr. \\u00dcyesi, \\u00d6zye\\u011fin \\u00dcniversitesi)<\\\/p>\\n\n\n<p>12:30\\u201313:30 \\u00d6\\u011fle yeme\\u011fi \\\/ Lunch<\\\/p>\\n\n\n<p>13:30\\u201314:30 Kapsay\\u0131c\\u0131 Tasar\\u0131m \\u2013 Emine \\u00d6nc\\u00fcler Yayalar (\\u00d6\\u011fr. G\\u00f6r. Dr., Bilkent \\u00dcniversitesi), \\u015eafak K\\u0131l\\u0131\\u00e7tepe (\\u00d6\\u011fr. G\\u00f6r. Dr., K\\u0131r\\u015fehir Ahi Evran \\u00dcniversitesi)<\\\/p>\\n\n\n<p>14:30\\u201315:30 Kat\\u0131l\\u0131mc\\u0131 sunumlar\\u0131 ve tart\\u0131\\u015fmalar \\\/ Participant presentations and discussion<\\\/p>\\n\n\n<p><strong>25 \\u015eubat, Cuma \\\/ 25 February, Friday<\\\/strong><\\\/p>\\n\n\n<p>09:30\\u201310:30 Yapay zeka, robotik ve hukuk \\u2013 Ba\\u015fak Ozan \\u00d6zparlak (Dr., Avukat)<br \\\/>10:30\\u201311:30 Incorporating Publics and Stakeholders into Technological Decisions: Theory and Practice \\u2013 Robin Ann Downey (\\u00d6\\u011fr. G\\u00f6r. Dr., Bilkent University)<br \\\/>11:30-12:30 Bilim \\u0130leti\\u015fimi \\u2013 Arsev Umur Ayd\\u0131no\\u011flu (Dr. \\u00d6\\u011fr. \\u00dcyesi, Orta Do\\u011fu Teknik \\u00dcniversitesi)<\\\/p>\\n\n\n<p>12:30\\u201313:30 \\u00d6\\u011fle yeme\\u011fi \\\/ Lunch<\\\/p>\\n\n\n<p>13:30\\u201314:30 Training computer vision algorithms on TV Series: Detecting conspiracies in Payitaht \\u2013 Ivo Furman (Dr. \\u00d6\\u011fr. \\u00dcyesi, \\u0130stanbul Bilgi \\u00dcniversitesi), Mustafa O\\u011fuzhan \\u00c7olak (Marie-Curie Fellow, Leiden \\u00dcniversitesi), Abdulkadir Albayrak (Dr. \\u00d6\\u011fr. \\u00dcyesi, Dicle \\u00dcniversitesi)<\\\/p>\\n\n\n<p>14:30\\u201315:30 Kat\\u0131l\\u0131mc\\u0131 sunumlar\\u0131 ve kapan\\u0131\\u015f tart\\u0131\\u015fmalar\\u0131 \\\/ Participant presentations and closing discussion<\\\/p>\",\"margin\":\"default\"}}]}]}]}],\"version\":\"4.5.21\"} --><\/p>\n","protected":false},"excerpt":{"rendered":"<p>D\u00fczenleyenler: STS TURKEY Koordinasyonu \u00fcyeleri (Erkan Saka, Emine \u00d6nc\u00fcler Yayalar, Melike \u015eahinol, \u015eafak K\u0131l\u0131\u00e7tepe, Arsev Umur Ayd\u0131no\u011flu, Ali O. \u0130lhan) Destekleyenler: \u0130stanbul Bilgi \u00dcniversitesi, Yeni Medya ve \u0130leti\u015fim B\u00f6l\u00fcm\u00fc Yer: \u00c7evrimi\u00e7i STS TURKEY Bilim ve Teknoloji \u00c7al\u0131\u015fmalar\u0131 (STS) Ara\u015ft\u0131rma A\u011f\u0131, \u00fclkemizde Bilim ve Teknoloji \u00c7al\u0131\u015fmalar\u0131 alan\u0131nda ara\u015ft\u0131rma ve e\u011fitim faaliyetlerini te\u015fvik ederek alan\u0131n g\u00f6r\u00fcn\u00fcrl\u00fc\u011f\u00fcn\u00fc ve [&hellip;]<\/p>\n","protected":false},"author":1,"featured_media":0,"parent":0,"menu_order":0,"comment_status":"closed","ping_status":"closed","template":"","meta":{"_acf_changed":false,"footnotes":""},"class_list":["post-2514","page","type-page","status-publish","hentry"],"acf":[],"_links":{"self":[{"href":"https:\/\/www.ststurkey.net\/index.php?rest_route=\/wp\/v2\/pages\/2514","targetHints":{"allow":["GET"]}}],"collection":[{"href":"https:\/\/www.ststurkey.net\/index.php?rest_route=\/wp\/v2\/pages"}],"about":[{"href":"https:\/\/www.ststurkey.net\/index.php?rest_route=\/wp\/v2\/types\/page"}],"author":[{"embeddable":true,"href":"https:\/\/www.ststurkey.net\/index.php?rest_route=\/wp\/v2\/users\/1"}],"replies":[{"embeddable":true,"href":"https:\/\/www.ststurkey.net\/index.php?rest_route=%2Fwp%2Fv2%2Fcomments&post=2514"}],"version-history":[{"count":1,"href":"https:\/\/www.ststurkey.net\/index.php?rest_route=\/wp\/v2\/pages\/2514\/revisions"}],"predecessor-version":[{"id":2515,"href":"https:\/\/www.ststurkey.net\/index.php?rest_route=\/wp\/v2\/pages\/2514\/revisions\/2515"}],"wp:attachment":[{"href":"https:\/\/www.ststurkey.net\/index.php?rest_route=%2Fwp%2Fv2%2Fmedia&parent=2514"}],"curies":[{"name":"wp","href":"https:\/\/api.w.org\/{rel}","templated":true}]}}