{"id":2510,"date":"2025-07-17T13:37:42","date_gmt":"2025-07-17T10:37:42","guid":{"rendered":"http:\/\/www.aiarthistorylab.com\/?page_id=2510"},"modified":"2025-07-17T13:37:42","modified_gmt":"2025-07-17T10:37:42","slug":"ws-2021","status":"publish","type":"page","link":"https:\/\/www.ststurkey.net\/?page_id=2510","title":{"rendered":"WS 2021"},"content":{"rendered":"<p><img decoding=\"async\" src=\"http:\/\/www.ststurkey.net\/wp-content\/uploads\/2025\/07\/Banner_Turkce-1-scaled.png\" alt=\"\"><\/p>\n<div>\n<div class=\"gmail_default\">\n<p dir=\"ltr\">STS TURKEY Bilim ve Teknoloji \u00c7al\u0131\u015fmalar\u0131 (STS) Ara\u015ft\u0131rma A\u011f\u0131, \u00fclkemizde Bilim ve Teknoloji \u00c7al\u0131\u015fmalar\u0131 alan\u0131nda ara\u015ft\u0131rma ve e\u011fitim faaliyetlerini te\u015fvik ederek alan\u0131n g\u00f6r\u00fcn\u00fcrl\u00fc\u011f\u00fcn\u00fc ve yayg\u0131nl\u0131\u011f\u0131n\u0131 art\u0131rmak amac\u0131yla \u00e7al\u0131\u015fmalar\u0131na devam etmektedir. STS TURKEY K\u0131\u015f Okulu STS alan\u0131n\u0131n temel teorik \u00e7er\u00e7evelerini, \u00f6nemli kavramlar\u0131n\u0131 ve ilgili tart\u0131\u015fmalar\u0131n\u0131 alana giri\u015f d\u00fczeyinde aktarmak amac\u0131yla, ilk kez 2019 Ocak ay\u0131nda Orient-\u0130nstitut \u0130stanbul\u2019un deste\u011fiyle \u0130stanbul\u2019da, ikinci kez ise 2020 Ocak ay\u0131nda Bilkent \u00dcniversitesi ve ODT\u00dc Tasar\u0131m Fabrikas\u0131 deste\u011fiyle Ankara\u2019da d\u00fczenlenmi\u015fti.<\/p>\n<p dir=\"ltr\">\u0130stanbul Bilgi \u00dcniversitesi\u2019nin destekledi\u011fi \u00fc\u00e7\u00fcnc\u00fc STS TURKEY Bilim, Teknoloji ve Toplum K\u0131\u015f Okulu, 3-5 \u015eubat 2021 tarihlerinde ger\u00e7ekle\u015fecektir. \u00dc\u00e7 g\u00fcn s\u00fcrecek olan e\u011fitim boyunca, farkl\u0131 disiplinlerden ara\u015ft\u0131rmac\u0131 ve akademisyenler STS ile ilgili kuram ve y\u00f6ntem dersleri verecektir. Program\u0131n son yar\u0131m g\u00fcn\u00fc ise kat\u0131l\u0131mc\u0131lar\u0131n ara\u015ft\u0131rma konular\u0131n\u0131n tart\u0131\u015f\u0131lmas\u0131na ayr\u0131lacakt\u0131r.<\/p>\n<p dir=\"ltr\">Mevcut pandemi ko\u015fullar\u0131 nedeniyle, STS TURKEY K\u0131\u015f Okulu 2021 \u00e7evrimi\u00e7i formatta ger\u00e7ekle\u015fecektir. Kat\u0131l\u0131m\u0131n \u00fccretsiz oldu\u011fu K\u0131\u015f Okulu ile ilgilenen \u00f6\u011frenciler i\u00e7in ba\u015fvuru formu 15 Ocak 2021 tarihine kadar a\u00e7\u0131k olacakt\u0131r. \u0130lgili forma <a href=\"https:\/\/forms.gle\/evenZawkDEYKHcBaA\" target=\"_blank\" rel=\"noopener noreferrer\">buradaki ba\u011flant\u0131dan<\/a> eri\u015febilirsiniz. Kat\u0131lmaya hak kazanan \u00f6\u011frenciler 20 Ocak 2021\u2019de websitemizde duyurulacakt\u0131r. Sorular\u0131n\u0131z\u0131 <a href=\"mailto:info@ststurkey.net\" target=\"_blank\" rel=\"noopener noreferrer\">info@ststurkey.net<\/a> adresi \u00fczerinden bize iletebilirsiniz.<\/p>\n<p dir=\"ltr\">Ders ve e\u011fitmen listesini a\u015fa\u011f\u0131da bulabilirsiniz.<\/p>\n<\/div>\n<div class=\"gmail_default\">\n<p><em>Algoritmalara Antropolojik bir Bak\u0131\u015f<\/em><br \/>Erkan Saka, Do\u00e7. Dr., \u0130stanbul Bilgi \u00dcniversitesi<\/p>\n<p><em>Feminist STS\u00a0\u00a0\u00a0 \u00a0\u00a0\u00a0 \u00a0\u00a0<\/em><br \/>\u015eafak K\u0131l\u0131\u00e7tepe, \u00d6\u011fr. G\u00f6r. Dr., K\u0131r\u015fehir Ahi Evran \u00dcniversitesi<\/p>\n<p><em>Bilim, Teknoloji ve Uzmanl\u0131k Sorunsal\u0131 \u00a0\u00a0\u00a0<\/em><br \/>Emine \u00d6nc\u00fcler Yayalar, \u00d6\u011fr. Gr. Dr., Bilkent \u00dcniversitesi<\/p>\n<p><em>STS ve Sanat\u00a0\u00a0\u00a0 \u00a0\u00a0\u00a0 \u00a0 <\/em><br \/>Ay\u015fe K\u00f6ksal, Do\u00e7. Dr., \u00d6zyegin \u00dcniversitesi<\/p>\n<p><em>Politics of Infrastructure\u00a0\u00a0\u00a0 \u00a0\u00a0\u00a0<\/em><br \/>Fiona Gedeon Achi, Research Assistant, McGill University<\/p>\n<p><em>STS\u2019de Niteliksel Y\u00f6ntemler <\/em><br \/>Melike \u015eahinol, Dr., Orient-Institut Istanbul<\/p>\n<p><em>B\u00fcy\u00fck Veri ve Yapay Zeka Eti\u011fi\u00a0\u00a0\u00a0<\/em><br \/>Yusuf Y\u00fcksekda\u011f, Dr. \u00d6\u011fr. \u00dcyesi, \u0130stanbul Bilgi \u00dcniversitesi<\/p>\n<p><em>Bilim ve Toplumsal Hareketler\u00a0\u00a0\u00a0 \u00a0\u00a0<\/em><br \/>Ali Ilhan, Dr. \u00d6\u011fr. \u00dcyesi, \u00d6zyegin \u00dcniversitesi<\/p>\n<p><em>\u0130nsan-olmayanlar\u0131n Failli\u011fi ve Politika\u00a0\u00a0\u00a0<\/em><br \/>Ebru Kayaalp Jurich, Do\u00e7. Dr., Ankara Bilim \u00dcniversitesi<\/p>\n<p><em>Bilim \u0130leti\u015fimi\u00a0\u00a0\u00a0 \u00a0\u00a0\u00a0 \u00a0\u00a0\u00a0<\/em><br \/>Arsev Umur Ayd\u0131no\u011flu, Dr. \u00d6\u011fr. \u00dcyesi, Orta Do\u011fu Teknik \u00dcniversitesi<\/p>\n<p><em>Veri tabanl\u0131 Sosyolojik Ara\u015ft\u0131rmalar\u00a0\u00a0\u00a0<\/em><br \/>Ivo Furman, Dr. \u00d6\u011fr. \u00dcyesi, \u0130stanbul Bilgi \u00dcniversitesi<\/p>\n<p><em>Imagining Responsible Solutions for Emerging Technologies\u00a0\u00a0\u00a0 \u00a0 <\/em><br \/>Robin Ann Downey, Dr., Bilkent University<\/p>\n<p><em>T\u0131p ve Teknoloji<br \/><\/em>G\u00fcl\u015fah Ba\u015fkavak<em>, <\/em>Dr., Orient-Institut Istanbul<\/p>\n<p><em>Yapay Zeka, Robotik ve Hukuk\u00a0\u00a0\u00a0 <\/em><br \/>Ba\u015fak Ozan \u00d6zparlak, Dr., Avukat,\u00a0 Ozan&amp;Ozan Hukuk B\u00fcrosu<\/p>\n<p><em>Streaming of Freedom-Machines: Reflections on Rousseau, Foucault and STS\u00a0<\/em><br \/>Eric Deibel, Dr., Bilkent University<\/p>\n<\/div>\n<\/div>\n<p><!--more--><br \/>\n<!-- {\"type\":\"layout\",\"children\":[{\"type\":\"section\",\"props\":{\"image_position\":\"center-center\",\"style\":\"default\",\"title_breakpoint\":\"xl\",\"title_position\":\"top-left\",\"title_rotation\":\"left\",\"vertical_align\":\"middle\",\"width\":\"default\"},\"children\":[{\"type\":\"row\",\"children\":[{\"type\":\"column\",\"props\":{\"image_position\":\"center-center\",\"position_sticky_breakpoint\":\"m\"},\"children\":[{\"type\":\"image\",\"props\":{\"image\":\"http:\\\/\\\/www.ststurkey.net\\\/wp-content\\\/uploads\\\/2025\\\/07\\\/Banner_Turkce-1-scaled.png\",\"image_svg_color\":\"emphasis\",\"margin\":\"default\"}},{\"type\":\"text\",\"props\":{\"column_breakpoint\":\"m\",\"content\":\"\n\n<div class=\\\"gmail_default\\\">\\n\n\n<p dir=\\\"ltr\\\">STS TURKEY Bilim ve Teknoloji \\u00c7al\\u0131\\u015fmalar\\u0131 (STS) Ara\\u015ft\\u0131rma A\\u011f\\u0131, \\u00fclkemizde Bilim ve Teknoloji \\u00c7al\\u0131\\u015fmalar\\u0131 alan\\u0131nda ara\\u015ft\\u0131rma ve e\\u011fitim faaliyetlerini te\\u015fvik ederek alan\\u0131n g\\u00f6r\\u00fcn\\u00fcrl\\u00fc\\u011f\\u00fcn\\u00fc ve yayg\\u0131nl\\u0131\\u011f\\u0131n\\u0131 art\\u0131rmak amac\\u0131yla \\u00e7al\\u0131\\u015fmalar\\u0131na devam etmektedir. STS TURKEY K\\u0131\\u015f Okulu STS alan\\u0131n\\u0131n temel teorik \\u00e7er\\u00e7evelerini, \\u00f6nemli kavramlar\\u0131n\\u0131 ve ilgili tart\\u0131\\u015fmalar\\u0131n\\u0131 alana giri\\u015f d\\u00fczeyinde aktarmak amac\\u0131yla, ilk kez 2019 Ocak ay\\u0131nda Orient-\\u0130nstitut \\u0130stanbul\\u2019un deste\\u011fiyle \\u0130stanbul\\u2019da, ikinci kez ise 2020 Ocak ay\\u0131nda Bilkent \\u00dcniversitesi ve ODT\\u00dc Tasar\\u0131m Fabrikas\\u0131 deste\\u011fiyle Ankara\\u2019da d\\u00fczenlenmi\\u015fti.<\\\/p>\\n\n\n<p dir=\\\"ltr\\\">\\u0130stanbul Bilgi \\u00dcniversitesi\\u2019nin destekledi\\u011fi \\u00fc\\u00e7\\u00fcnc\\u00fc STS TURKEY Bilim, Teknoloji ve Toplum K\\u0131\\u015f Okulu, 3-5 \\u015eubat 2021 tarihlerinde ger\\u00e7ekle\\u015fecektir. \\u00dc\\u00e7 g\\u00fcn s\\u00fcrecek olan e\\u011fitim boyunca, farkl\\u0131 disiplinlerden ara\\u015ft\\u0131rmac\\u0131 ve akademisyenler STS ile ilgili kuram ve y\\u00f6ntem dersleri verecektir. Program\\u0131n son yar\\u0131m g\\u00fcn\\u00fc ise kat\\u0131l\\u0131mc\\u0131lar\\u0131n ara\\u015ft\\u0131rma konular\\u0131n\\u0131n tart\\u0131\\u015f\\u0131lmas\\u0131na ayr\\u0131lacakt\\u0131r.<\\\/p>\\n\n\n<p dir=\\\"ltr\\\">Mevcut pandemi ko\\u015fullar\\u0131 nedeniyle, STS TURKEY K\\u0131\\u015f Okulu 2021 \\u00e7evrimi\\u00e7i formatta ger\\u00e7ekle\\u015fecektir. Kat\\u0131l\\u0131m\\u0131n \\u00fccretsiz oldu\\u011fu K\\u0131\\u015f Okulu ile ilgilenen \\u00f6\\u011frenciler i\\u00e7in ba\\u015fvuru formu 15 Ocak 2021 tarihine kadar a\\u00e7\\u0131k olacakt\\u0131r. \\u0130lgili forma <a href=\\\"https:\\\/\\\/forms.gle\\\/evenZawkDEYKHcBaA\\\" target=\\\"_blank\\\" rel=\\\"noopener noreferrer\\\">buradaki ba\\u011flant\\u0131dan<\\\/a> eri\\u015febilirsiniz. Kat\\u0131lmaya hak kazanan \\u00f6\\u011frenciler 20 Ocak 2021\\u2019de websitemizde duyurulacakt\\u0131r. Sorular\\u0131n\\u0131z\\u0131 <a href=\\\"mailto:info@ststurkey.net\\\" target=\\\"_blank\\\" rel=\\\"noopener noreferrer\\\">info@ststurkey.net<\\\/a> adresi \\u00fczerinden bize iletebilirsiniz.<\\\/p>\\n\n\n<p dir=\\\"ltr\\\">Ders ve e\\u011fitmen listesini a\\u015fa\\u011f\\u0131da bulabilirsiniz.<\\\/p>\\n<\\\/div>\\n\n\n<div class=\\\"gmail_default\\\">\\n\n\n<p><em>Algoritmalara Antropolojik bir Bak\\u0131\\u015f<\\\/em><br \\\/>Erkan Saka, Do\\u00e7. Dr., \\u0130stanbul Bilgi \\u00dcniversitesi<\\\/p>\\n\n\n<p><em>Feminist STS\\u00a0\\u00a0\\u00a0 \\u00a0\\u00a0\\u00a0 \\u00a0\\u00a0<\\\/em><br \\\/>\\u015eafak K\\u0131l\\u0131\\u00e7tepe, \\u00d6\\u011fr. G\\u00f6r. Dr., K\\u0131r\\u015fehir Ahi Evran \\u00dcniversitesi<\\\/p>\\n\n\n<p><em>Bilim, Teknoloji ve Uzmanl\\u0131k Sorunsal\\u0131 \\u00a0\\u00a0\\u00a0<\\\/em><br \\\/>Emine \\u00d6nc\\u00fcler Yayalar, \\u00d6\\u011fr. Gr. Dr., Bilkent \\u00dcniversitesi<\\\/p>\\n\n\n<p><em>STS ve Sanat\\u00a0\\u00a0\\u00a0 \\u00a0\\u00a0\\u00a0 \\u00a0 <\\\/em><br \\\/>Ay\\u015fe K\\u00f6ksal, Do\\u00e7. Dr., \\u00d6zyegin \\u00dcniversitesi<\\\/p>\\n\n\n<p><em>Politics of Infrastructure\\u00a0\\u00a0\\u00a0 \\u00a0\\u00a0\\u00a0<\\\/em><br \\\/>Fiona Gedeon Achi, Research Assistant, McGill University<\\\/p>\\n\n\n<p><em>STS\\u2019de Niteliksel Y\\u00f6ntemler <\\\/em><br \\\/>Melike \\u015eahinol, Dr., Orient-Institut Istanbul<\\\/p>\\n\n\n<p><em>B\\u00fcy\\u00fck Veri ve Yapay Zeka Eti\\u011fi\\u00a0\\u00a0\\u00a0<\\\/em><br \\\/>Yusuf Y\\u00fcksekda\\u011f, Dr. \\u00d6\\u011fr. \\u00dcyesi, \\u0130stanbul Bilgi \\u00dcniversitesi<\\\/p>\\n\n\n<p><em>Bilim ve Toplumsal Hareketler\\u00a0\\u00a0\\u00a0 \\u00a0\\u00a0<\\\/em><br \\\/>Ali Ilhan, Dr. \\u00d6\\u011fr. \\u00dcyesi, \\u00d6zyegin \\u00dcniversitesi<\\\/p>\\n\n\n<p><em>\\u0130nsan-olmayanlar\\u0131n Failli\\u011fi ve Politika\\u00a0\\u00a0\\u00a0<\\\/em><br \\\/>Ebru Kayaalp Jurich, Do\\u00e7. Dr., Ankara Bilim \\u00dcniversitesi<\\\/p>\\n\n\n<p><em>Bilim \\u0130leti\\u015fimi\\u00a0\\u00a0\\u00a0 \\u00a0\\u00a0\\u00a0 \\u00a0\\u00a0\\u00a0<\\\/em><br \\\/>Arsev Umur Ayd\\u0131no\\u011flu, Dr. \\u00d6\\u011fr. \\u00dcyesi, Orta Do\\u011fu Teknik \\u00dcniversitesi<\\\/p>\\n\n\n<p><em>Veri tabanl\\u0131 Sosyolojik Ara\\u015ft\\u0131rmalar\\u00a0\\u00a0\\u00a0<\\\/em><br \\\/>Ivo Furman, Dr. \\u00d6\\u011fr. \\u00dcyesi, \\u0130stanbul Bilgi \\u00dcniversitesi<\\\/p>\\n\n\n<p><em>Imagining Responsible Solutions for Emerging Technologies\\u00a0\\u00a0\\u00a0 \\u00a0 <\\\/em><br \\\/>Robin Ann Downey, Dr., Bilkent University<\\\/p>\\n\n\n<p><em>T\\u0131p ve Teknoloji<br \\\/><\\\/em>G\\u00fcl\\u015fah Ba\\u015fkavak<em>, <\\\/em>Dr., Orient-Institut Istanbul<\\\/p>\\n\n\n<p><em>Yapay Zeka, Robotik ve Hukuk\\u00a0\\u00a0\\u00a0 <\\\/em><br \\\/>Ba\\u015fak Ozan \\u00d6zparlak, Dr., Avukat,\\u00a0 Ozan&amp;Ozan Hukuk B\\u00fcrosu<\\\/p>\\n\n\n<p><em>Streaming of Freedom-Machines: Reflections on Rousseau, Foucault and STS\\u00a0<\\\/em><br \\\/>Eric Deibel, Dr., Bilkent University<\\\/p>\\n<\\\/div>\",\"margin\":\"default\"}}]}]}]}],\"version\":\"4.5.21\"} --><\/p>\n","protected":false},"excerpt":{"rendered":"<p>STS TURKEY Bilim ve Teknoloji \u00c7al\u0131\u015fmalar\u0131 (STS) Ara\u015ft\u0131rma A\u011f\u0131, \u00fclkemizde Bilim ve Teknoloji \u00c7al\u0131\u015fmalar\u0131 alan\u0131nda ara\u015ft\u0131rma ve e\u011fitim faaliyetlerini te\u015fvik ederek alan\u0131n g\u00f6r\u00fcn\u00fcrl\u00fc\u011f\u00fcn\u00fc ve yayg\u0131nl\u0131\u011f\u0131n\u0131 art\u0131rmak amac\u0131yla \u00e7al\u0131\u015fmalar\u0131na devam etmektedir. STS TURKEY K\u0131\u015f Okulu STS alan\u0131n\u0131n temel teorik \u00e7er\u00e7evelerini, \u00f6nemli kavramlar\u0131n\u0131 ve ilgili tart\u0131\u015fmalar\u0131n\u0131 alana giri\u015f d\u00fczeyinde aktarmak amac\u0131yla, ilk kez 2019 Ocak ay\u0131nda Orient-\u0130nstitut [&hellip;]<\/p>\n","protected":false},"author":1,"featured_media":0,"parent":0,"menu_order":0,"comment_status":"closed","ping_status":"closed","template":"","meta":{"_acf_changed":false,"footnotes":""},"class_list":["post-2510","page","type-page","status-publish","hentry"],"acf":[],"_links":{"self":[{"href":"https:\/\/www.ststurkey.net\/index.php?rest_route=\/wp\/v2\/pages\/2510","targetHints":{"allow":["GET"]}}],"collection":[{"href":"https:\/\/www.ststurkey.net\/index.php?rest_route=\/wp\/v2\/pages"}],"about":[{"href":"https:\/\/www.ststurkey.net\/index.php?rest_route=\/wp\/v2\/types\/page"}],"author":[{"embeddable":true,"href":"https:\/\/www.ststurkey.net\/index.php?rest_route=\/wp\/v2\/users\/1"}],"replies":[{"embeddable":true,"href":"https:\/\/www.ststurkey.net\/index.php?rest_route=%2Fwp%2Fv2%2Fcomments&post=2510"}],"version-history":[{"count":2,"href":"https:\/\/www.ststurkey.net\/index.php?rest_route=\/wp\/v2\/pages\/2510\/revisions"}],"predecessor-version":[{"id":2513,"href":"https:\/\/www.ststurkey.net\/index.php?rest_route=\/wp\/v2\/pages\/2510\/revisions\/2513"}],"wp:attachment":[{"href":"https:\/\/www.ststurkey.net\/index.php?rest_route=%2Fwp%2Fv2%2Fmedia&parent=2510"}],"curies":[{"name":"wp","href":"https:\/\/api.w.org\/{rel}","templated":true}]}}