{"id":2508,"date":"2025-07-17T13:35:50","date_gmt":"2025-07-17T10:35:50","guid":{"rendered":"http:\/\/www.aiarthistorylab.com\/?page_id=2508"},"modified":"2025-07-17T13:35:50","modified_gmt":"2025-07-17T10:35:50","slug":"ws-2020","status":"publish","type":"page","link":"https:\/\/www.ststurkey.net\/?page_id=2508","title":{"rendered":"WS 2020"},"content":{"rendered":"<p><img decoding=\"async\" src=\"http:\/\/www.ststurkey.net\/wp-content\/uploads\/2019\/12\/sts19kisokulu-scaled.png\" alt=\"\"><\/p>\n<div>\n<p>STS TURKEY Bilim ve Teknoloji \u00c7al\u0131\u015fmalar\u0131 Ara\u015ft\u0131rma A\u011f\u0131 olarak \u00fclkemizde Bilim ve Teknoloji \u00c7al\u0131\u015fmalar\u0131 (STS) alan\u0131nda ara\u015ft\u0131rma ve e\u011fitim faaliyetlerini te\u015fvik ederek alan\u0131n g\u00f6r\u00fcn\u00fcrl\u00fc\u011f\u00fcn\u00fc ve yayg\u0131nl\u0131\u011f\u0131n\u0131 artt\u0131rma amac\u0131yla \u00e7al\u0131\u015f\u0131yoruz. STS alan\u0131n\u0131n temel teorik \u00e7er\u00e7evelerini, \u00f6nemli kavramlar\u0131n\u0131 ve ilgili tart\u0131\u015fmalar\u0131n\u0131 alana giri\u015f d\u00fczeyinde aktarmak amac\u0131yla Ocak ay\u0131nda ilk defa Orient-Institut deste\u011fiyle \u0130stanbul\u2019da bir K\u0131\u015f Okulu <a href=\"http:\/\/ststurkey.net\/tr\/ststurkey-kisokulu2019\/\" target=\"_blank\" rel=\"noopener noreferrer\">d\u00fczenlemi\u015ftik<\/a>.<\/p>\n<p>STS TURKEY Bilim, Teknoloji ve Toplum \u0130kinci K\u0131\u015f Okulu ise 14-16 Ocak 2020 tarihlerinde ODT\u00dc Tasar\u0131m Fabrikas\u0131, Ankara\u2019da ger\u00e7ekle\u015fecek. Bilkent \u00dcniversitesi ve ODT\u00dc Tasar\u0131m Fabrikas\u0131 taraf\u0131ndan desteklenen K\u0131\u015f Okulu kapsam\u0131nda, \u00fc\u00e7 g\u00fcn boyunca farkl\u0131 disiplinlerden 10 uzman ara\u015ft\u0131rmac\u0131 ve akademisyen 10 farkl\u0131 konuda e\u011fitim verecek; program\u0131n yar\u0131m g\u00fcn\u00fc ise kat\u0131l\u0131mc\u0131lar\u0131n g\u00fcncel ara\u015ft\u0131rma konular\u0131n\u0131 tart\u0131\u015fmas\u0131na ayr\u0131lacak. Dersler \u0130ngilizce veya T\u00fcrk\u00e7e ger\u00e7ekle\u015ftirecek, ders ba\u015fl\u0131klar\u0131 i\u015flenecekleri dile g\u00f6re d\u00fczenlenmi\u015ftir.<\/p>\n<p>Ders ve e\u011fitmen listesini a\u015fa\u011f\u0131da bulabilirsiniz.<\/p>\n<\/p>\n<p><em>STS ve Siyaset \u00c7al\u0131\u015fmalar\u0131<\/em><br \/>Asli \u00c7alk\u0131vik, Dr. \u00d6\u011fr. \u00dcyesi, \u0130stanbul Teknik \u00dcniversitesi<\/p>\n<p><em>Digital Anthropology. Cases from Ethnographic Approaches to Algorithms and Blockchain Studies\u00a0\u00a0<\/em><br \/>Erkan Saka, Do\u00e7. Dr., Bilgi \u00dcniversitesi<\/p>\n<p><em>Responsible Research and Innovation<\/em><br \/>Robin Ann Downey, \u00d6\u011fr. Gr. Dr., Bilkent \u00dcniversitesi<\/p>\n<p><em>Teknolojinin Toplumsal \u0130n\u015fas\u0131<\/em><br \/>Emine \u00d6nc\u00fcler Yayalar, \u00d6\u011fr. Gr. Dr., Bilkent \u00dcniversitesi<\/p>\n<p><em>STS\u2019de Niteliksel Y\u00f6ntemler ve Nitel Veri Analizi<\/em><br \/>Melike \u015eahinol, Dr., Orient-Institut Istanbul<\/p>\n<p><em>Disiplinleraras\u0131 \u00c7al\u0131\u015fmalar<\/em><br \/>Arsev Umur Ayd\u0131no\u011flu, Dr. \u00d6\u011fr. \u00dcyesi, Orta Do\u011fu Teknik \u00dcniversitesi<\/p>\n<p><em>Etki Analizi<\/em><br \/>Teoman Pamuk\u00e7u, Prof. Dr., Orta Do\u011fu Teknik \u00dcniversitesi<\/p>\n<p><em>Biopolitics \/ Actor Network Theory<\/em><br \/>Eric Deibel, \u00d6\u011fr. Gr. Dr., Bilkent \u00dcniversitesi<\/p>\n<p><em>Kadim Birliktelik: Bilimin Ekonomik Boyutu<\/em><br \/>Muhsin Do\u011fan, Dr., T\u00fcrkiye Teknoloji Geli\u015ftirme Vakf\u0131 (TTGV)<\/p>\n<p><em>Feminist STS<\/em><br \/>\u015eafak K\u0131l\u0131\u00e7tepe, Dr., Ba\u011f\u0131ms\u0131z Ara\u015ft\u0131rmac\u0131<\/p>\n<\/p>\n<p>D\u00fczenleyenler: Arsev Umur Ayd\u0131no\u011flu, \u015eafak K\u0131l\u0131\u00e7tepe, Emine \u00d6ncu\u0308ler Yayalar, Melike \u015eahinol<\/p>\n<p>Destekleyenler: <a href=\"https:\/\/w3.bilkent.edu.tr\/www\/\" target=\"_blank\" rel=\"noopener noreferrer\">Bilkent \u00dcniversitesi<\/a>, <a href=\"http:\/\/tf.metu.edu.tr\/en\/\" target=\"_blank\" rel=\"noopener noreferrer\">ODT\u00dc Tasar\u0131m Fabrikas\u0131<\/a><\/p>\n<\/div>\n<p><!--more--><br \/>\n<!-- {\"type\":\"layout\",\"children\":[{\"type\":\"section\",\"props\":{\"image_position\":\"center-center\",\"style\":\"default\",\"title_breakpoint\":\"xl\",\"title_position\":\"top-left\",\"title_rotation\":\"left\",\"vertical_align\":\"middle\",\"width\":\"default\"},\"children\":[{\"type\":\"row\",\"children\":[{\"type\":\"column\",\"props\":{\"image_position\":\"center-center\",\"position_sticky_breakpoint\":\"m\"},\"children\":[{\"type\":\"image\",\"props\":{\"image\":\"http:\\\/\\\/www.ststurkey.net\\\/wp-content\\\/uploads\\\/2019\\\/12\\\/sts19kisokulu-scaled.png\",\"image_svg_color\":\"emphasis\",\"margin\":\"default\"}},{\"type\":\"text\",\"props\":{\"column_breakpoint\":\"m\",\"content\":\"\n\n<p>STS TURKEY Bilim ve Teknoloji \\u00c7al\\u0131\\u015fmalar\\u0131 Ara\\u015ft\\u0131rma A\\u011f\\u0131 olarak \\u00fclkemizde Bilim ve Teknoloji \\u00c7al\\u0131\\u015fmalar\\u0131 (STS) alan\\u0131nda ara\\u015ft\\u0131rma ve e\\u011fitim faaliyetlerini te\\u015fvik ederek alan\\u0131n g\\u00f6r\\u00fcn\\u00fcrl\\u00fc\\u011f\\u00fcn\\u00fc ve yayg\\u0131nl\\u0131\\u011f\\u0131n\\u0131 artt\\u0131rma amac\\u0131yla \\u00e7al\\u0131\\u015f\\u0131yoruz. STS alan\\u0131n\\u0131n temel teorik \\u00e7er\\u00e7evelerini, \\u00f6nemli kavramlar\\u0131n\\u0131 ve ilgili tart\\u0131\\u015fmalar\\u0131n\\u0131 alana giri\\u015f d\\u00fczeyinde aktarmak amac\\u0131yla Ocak ay\\u0131nda ilk defa Orient-Institut deste\\u011fiyle \\u0130stanbul\\u2019da bir K\\u0131\\u015f Okulu <a href=\\\"http:\\\/\\\/ststurkey.net\\\/tr\\\/ststurkey-kisokulu2019\\\/\\\" target=\\\"_blank\\\" rel=\\\"noopener noreferrer\\\">d\\u00fczenlemi\\u015ftik<\\\/a>.<\\\/p>\\n\n\n<p>STS TURKEY Bilim, Teknoloji ve Toplum \\u0130kinci K\\u0131\\u015f Okulu ise 14-16 Ocak 2020 tarihlerinde ODT\\u00dc Tasar\\u0131m Fabrikas\\u0131, Ankara\\u2019da ger\\u00e7ekle\\u015fecek. Bilkent \\u00dcniversitesi ve ODT\\u00dc Tasar\\u0131m Fabrikas\\u0131 taraf\\u0131ndan desteklenen K\\u0131\\u015f Okulu kapsam\\u0131nda, \\u00fc\\u00e7 g\\u00fcn boyunca farkl\\u0131 disiplinlerden 10 uzman ara\\u015ft\\u0131rmac\\u0131 ve akademisyen 10 farkl\\u0131 konuda e\\u011fitim verecek; program\\u0131n yar\\u0131m g\\u00fcn\\u00fc ise kat\\u0131l\\u0131mc\\u0131lar\\u0131n g\\u00fcncel ara\\u015ft\\u0131rma konular\\u0131n\\u0131 tart\\u0131\\u015fmas\\u0131na ayr\\u0131lacak. Dersler \\u0130ngilizce veya T\\u00fcrk\\u00e7e ger\\u00e7ekle\\u015ftirecek, ders ba\\u015fl\\u0131klar\\u0131 i\\u015flenecekleri dile g\\u00f6re d\\u00fczenlenmi\\u015ftir.<\\\/p>\\n\n\n<p>Ders ve e\\u011fitmen listesini a\\u015fa\\u011f\\u0131da bulabilirsiniz.<\\\/p>\\n\n\n<p><\\\/p>\\n\n\n<p><em>STS ve Siyaset \\u00c7al\\u0131\\u015fmalar\\u0131<\\\/em><br \\\/>Asli \\u00c7alk\\u0131vik, Dr. \\u00d6\\u011fr. \\u00dcyesi, \\u0130stanbul Teknik \\u00dcniversitesi<\\\/p>\\n\n\n<p><em>Digital Anthropology. Cases from Ethnographic Approaches to Algorithms and Blockchain Studies\\u00a0\\u00a0<\\\/em><br \\\/>Erkan Saka, Do\\u00e7. Dr., Bilgi \\u00dcniversitesi<\\\/p>\\n\n\n<p><em>Responsible Research and Innovation<\\\/em><br \\\/>Robin Ann Downey, \\u00d6\\u011fr. Gr. Dr., Bilkent \\u00dcniversitesi<\\\/p>\\n\n\n<p><em>Teknolojinin Toplumsal \\u0130n\\u015fas\\u0131<\\\/em><br \\\/>Emine \\u00d6nc\\u00fcler Yayalar, \\u00d6\\u011fr. Gr. Dr., Bilkent \\u00dcniversitesi<\\\/p>\\n\n\n<p><em>STS\\u2019de Niteliksel Y\\u00f6ntemler ve Nitel Veri Analizi<\\\/em><br \\\/>Melike \\u015eahinol, Dr., Orient-Institut Istanbul<\\\/p>\\n\n\n<p><em>Disiplinleraras\\u0131 \\u00c7al\\u0131\\u015fmalar<\\\/em><br \\\/>Arsev Umur Ayd\\u0131no\\u011flu, Dr. \\u00d6\\u011fr. \\u00dcyesi, Orta Do\\u011fu Teknik \\u00dcniversitesi<\\\/p>\\n\n\n<p><em>Etki Analizi<\\\/em><br \\\/>Teoman Pamuk\\u00e7u, Prof. Dr., Orta Do\\u011fu Teknik \\u00dcniversitesi<\\\/p>\\n\n\n<p><em>Biopolitics \\\/ Actor Network Theory<\\\/em><br \\\/>Eric Deibel, \\u00d6\\u011fr. Gr. Dr., Bilkent \\u00dcniversitesi<\\\/p>\\n\n\n<p><em>Kadim Birliktelik: Bilimin Ekonomik Boyutu<\\\/em><br \\\/>Muhsin Do\\u011fan, Dr., T\\u00fcrkiye Teknoloji Geli\\u015ftirme Vakf\\u0131 (TTGV)<\\\/p>\\n\n\n<p><em>Feminist STS<\\\/em><br \\\/>\\u015eafak K\\u0131l\\u0131\\u00e7tepe, Dr., Ba\\u011f\\u0131ms\\u0131z Ara\\u015ft\\u0131rmac\\u0131<\\\/p>\\n\n\n<p><\\\/p>\\n\n\n<p><\\\/p>\\n\n\n<p>D\\u00fczenleyenler: Arsev Umur Ayd\\u0131no\\u011flu, \\u015eafak K\\u0131l\\u0131\\u00e7tepe, Emine \\u00d6ncu\\u0308ler Yayalar, Melike \\u015eahinol<\\\/p>\\n\n\n<p>Destekleyenler: <a href=\\\"https:\\\/\\\/w3.bilkent.edu.tr\\\/www\\\/\\\" target=\\\"_blank\\\" rel=\\\"noopener noreferrer\\\">Bilkent \\u00dcniversitesi<\\\/a>, <a href=\\\"http:\\\/\\\/tf.metu.edu.tr\\\/en\\\/\\\" target=\\\"_blank\\\" rel=\\\"noopener noreferrer\\\">ODT\\u00dc Tasar\\u0131m Fabrikas\\u0131<\\\/a><\\\/p>\",\"margin\":\"default\"}}]}]}]}],\"version\":\"4.5.21\"} --><\/p>\n","protected":false},"excerpt":{"rendered":"<p>STS TURKEY Bilim ve Teknoloji \u00c7al\u0131\u015fmalar\u0131 Ara\u015ft\u0131rma A\u011f\u0131 olarak \u00fclkemizde Bilim ve Teknoloji \u00c7al\u0131\u015fmalar\u0131 (STS) alan\u0131nda ara\u015ft\u0131rma ve e\u011fitim faaliyetlerini te\u015fvik ederek alan\u0131n g\u00f6r\u00fcn\u00fcrl\u00fc\u011f\u00fcn\u00fc ve yayg\u0131nl\u0131\u011f\u0131n\u0131 artt\u0131rma amac\u0131yla \u00e7al\u0131\u015f\u0131yoruz. STS alan\u0131n\u0131n temel teorik \u00e7er\u00e7evelerini, \u00f6nemli kavramlar\u0131n\u0131 ve ilgili tart\u0131\u015fmalar\u0131n\u0131 alana giri\u015f d\u00fczeyinde aktarmak amac\u0131yla Ocak ay\u0131nda ilk defa Orient-Institut deste\u011fiyle \u0130stanbul\u2019da bir K\u0131\u015f Okulu d\u00fczenlemi\u015ftik. [&hellip;]<\/p>\n","protected":false},"author":1,"featured_media":0,"parent":0,"menu_order":0,"comment_status":"closed","ping_status":"closed","template":"","meta":{"_acf_changed":false,"footnotes":""},"class_list":["post-2508","page","type-page","status-publish","hentry"],"acf":[],"_links":{"self":[{"href":"https:\/\/www.ststurkey.net\/index.php?rest_route=\/wp\/v2\/pages\/2508","targetHints":{"allow":["GET"]}}],"collection":[{"href":"https:\/\/www.ststurkey.net\/index.php?rest_route=\/wp\/v2\/pages"}],"about":[{"href":"https:\/\/www.ststurkey.net\/index.php?rest_route=\/wp\/v2\/types\/page"}],"author":[{"embeddable":true,"href":"https:\/\/www.ststurkey.net\/index.php?rest_route=\/wp\/v2\/users\/1"}],"replies":[{"embeddable":true,"href":"https:\/\/www.ststurkey.net\/index.php?rest_route=%2Fwp%2Fv2%2Fcomments&post=2508"}],"version-history":[{"count":1,"href":"https:\/\/www.ststurkey.net\/index.php?rest_route=\/wp\/v2\/pages\/2508\/revisions"}],"predecessor-version":[{"id":2509,"href":"https:\/\/www.ststurkey.net\/index.php?rest_route=\/wp\/v2\/pages\/2508\/revisions\/2509"}],"wp:attachment":[{"href":"https:\/\/www.ststurkey.net\/index.php?rest_route=%2Fwp%2Fv2%2Fmedia&parent=2508"}],"curies":[{"name":"wp","href":"https:\/\/api.w.org\/{rel}","templated":true}]}}