{"id":2473,"date":"2025-07-15T11:56:44","date_gmt":"2025-07-15T11:56:44","guid":{"rendered":"http:\/\/www.aiarthistorylab.com\/?page_id=2473"},"modified":"2025-09-15T15:24:56","modified_gmt":"2025-09-15T12:24:56","slug":"konferans","status":"publish","type":"page","link":"https:\/\/www.ststurkey.net\/?page_id=2473","title":{"rendered":"Konferans"},"content":{"rendered":"<h1>Konferans<\/h1>\n<hr>\n<div>\n<p>        <img decoding=\"async\" src=\"\/wp-content\/uploads\/2025\/09\/CONF2025.jpeg\" alt=\"\"><\/p>\n<h3>STS T\u00fcrkiye Konferans\u0131 2025<\/h3>\n<p>6-7 Kas\u0131m 2025 &#8211;  HECAS<\/p>\n<p><a href=\"http:\/\/www.ststurkey.net\/?page_id=2628\">Ayr\u0131nt\u0131lar<\/a><\/p>\n<\/div>\n<div>\n<p>        <img decoding=\"async\" src=\"http:\/\/www.ststurkey.net\/wp-content\/uploads\/2025\/07\/stsmeetsethics-banner-scaled.jpg\" alt=\"\"><\/p>\n<h3>STS T\u00fcrkiye Konferans\u0131 2023 #STSMeetsEthics23<\/h3>\n<p>31 Ekim\u2013 2 Kas\u0131m 2023 &#8211;  ODT\u00dc K\u00fclt\u00fcr ve Kongre Merkezi<\/p>\n<p><a href=\"http:\/\/www.ststurkey.net\/?page_id=2604\">Ayr\u0131nt\u0131lar<\/a><\/p>\n<\/div>\n<div>\n<p>        <img decoding=\"async\" src=\"http:\/\/www.ststurkey.net\/wp-content\/uploads\/2022\/12\/ststurkey22-banner-scaled.jpg\" alt=\"\"><\/p>\n<h3>STS T\u00fcrkiye Konferans\u0131 2022<\/h3>\n<p>24\u201325 Kas\u0131m 2022 &#8211; \u0130stanbul Bilgi \u00dcniversitesi<\/p>\n<p><a href=\"http:\/\/www.ststurkey.net\/?page_id=2593\">Ayr\u0131nt\u0131lar<\/a><\/p>\n<\/div>\n<div>\n<p>        <img decoding=\"async\" src=\"http:\/\/www.ststurkey.net\/wp-content\/uploads\/2021\/07\/sts-turkey_2021_konferansi-scaled.jpg\" alt=\"\"><\/p>\n<h3>STS T\u00fcrkiye Konferans\u0131 2021<\/h3>\n<p>22\u201324 Kas\u0131m 2021 &#8211;  \u00c7evrimi\u00e7i<\/p>\n<p><a href=\"http:\/\/www.ststurkey.net\/?page_id=2583\">Ayr\u0131nt\u0131lar<\/a><\/p>\n<\/div>\n<div>\n<p>        <img decoding=\"async\" src=\"http:\/\/www.ststurkey.net\/wp-content\/uploads\/2025\/07\/Ekran-Resmi-2025-07-17-14.57.39.png\" alt=\"\"><\/p>\n<h3>STS T\u00fcrkiye Konferans\u0131 2020<\/h3>\n<p>14\u201316 Ekim 2020 &#8211;  Konya Bilim Merkezi<\/p>\n<p><a href=\"http:\/\/www.ststurkey.net\/?page_id=2566\">Ayr\u0131nt\u0131lar<\/a><\/p>\n<\/div>\n<div>\n<p>        <img decoding=\"async\" src=\"http:\/\/www.ststurkey.net\/wp-content\/uploads\/2025\/07\/banner-1.png\" alt=\"\"><\/p>\n<h3>STS T\u00fcrkiye Konferans\u0131 2019<\/h3>\n<p>10\u201312 Eyl\u00fcl 2019 &#8211;  \u0130T\u00dc S\u00fcleyman Demirel K\u00fclt\u00fcr Merkezi<\/p>\n<p><a href=\"http:\/\/www.ststurkey.net\/?page_id=2553\">Ayr\u0131nt\u0131lar<\/a><\/p>\n<\/div>\n<div>\n<p>        <img decoding=\"async\" src=\"http:\/\/www.ststurkey.net\/wp-content\/uploads\/2025\/07\/STS_Banner.jpg\" alt=\"\"><\/p>\n<h3>STS T\u00fcrkiye Konferans\u0131 2018<\/h3>\n<p>10\u201311 Eyl\u00fcl 2018 &#8211;  ODT\u00dc K\u00fclt\u00fcr ve Kongre Merkezi<\/p>\n<p><a href=\"http:\/\/www.ststurkey.net\/?page_id=2536\">Ayr\u0131nt\u0131lar<\/a><\/p>\n<\/div>\n<p><!--more--><br \/>\n<!-- {\"type\":\"layout\",\"children\":[{\"type\":\"section\",\"props\":{\"animation\":\"slide-bottom\",\"animation_delay\":\"200\",\"header_transparent\":true,\"header_transparent_text_color\":\"dark\",\"image_position\":\"center-center\",\"padding\":\"xlarge\",\"style\":\"default\",\"title_breakpoint\":\"xl\",\"title_position\":\"top-left\",\"title_rotation\":\"left\",\"vertical_align\":\"middle\",\"width\":\"default\"},\"children\":[{\"type\":\"row\",\"children\":[{\"type\":\"column\",\"props\":{\"image_position\":\"center-center\",\"position_sticky_breakpoint\":\"m\"},\"children\":[{\"type\":\"headline\",\"props\":{\"content\":\"Konferans\",\"title_element\":\"h1\",\"title_style\":\"heading-small\"}},{\"type\":\"divider\",\"props\":{\"divider_element\":\"hr\",\"divider_style\":\"small\"}}]}]},{\"type\":\"row\",\"children\":[{\"type\":\"column\",\"props\":{\"image_position\":\"center-center\",\"position_sticky_breakpoint\":\"m\"},\"children\":[{\"type\":\"panel\",\"props\":{\"content\":\"\",\"content_column_breakpoint\":\"m\",\"height_expand\":true,\"icon_width\":80,\"image\":\"wp-content\\\/uploads\\\/2025\\\/09\\\/CONF2025.jpeg\",\"image_align\":\"bottom\",\"image_grid_breakpoint\":\"m\",\"image_grid_width\":\"1-2\",\"image_margin\":\"medium\",\"image_svg_color\":\"emphasis\",\"image_text_color\":\"dark\",\"link\":\"http:\\\/\\\/www.ststurkey.net\\\/?page_id=2628\",\"link_fullwidth\":true,\"link_margin\":\"medium\",\"link_size\":\"large\",\"link_style\":\"primary\",\"link_target\":true,\"link_text\":\"Ayr\\u0131nt\\u0131lar\",\"margin\":\"default\",\"meta\":\"6-7 Kas\\u0131m 2025 -  HECAS\",\"meta_align\":\"below-title\",\"meta_element\":\"div\",\"meta_margin\":\"small\",\"meta_style\":\"text-meta\",\"panel_padding\":\"large\",\"panel_style\":\"card-primary\",\"title\":\"STS T\\u00fcrkiye Konferans\\u0131 2025\",\"title_align\":\"top\",\"title_decoration\":\"bullet\",\"title_element\":\"h3\",\"title_grid_breakpoint\":\"m\",\"title_grid_width\":\"1-2\",\"title_hover_style\":\"reset\",\"title_style\":\"h1\"}}]}]},{\"type\":\"row\",\"props\":{\"layout\":\"1-2,1-2\"},\"children\":[{\"type\":\"column\",\"props\":{\"image_position\":\"center-center\",\"position_sticky_breakpoint\":\"m\",\"width_medium\":\"1-2\"},\"children\":[{\"type\":\"panel\",\"props\":{\"content_column_breakpoint\":\"m\",\"height_expand\":true,\"icon_width\":80,\"image\":\"http:\\\/\\\/www.ststurkey.net\\\/wp-content\\\/uploads\\\/2025\\\/07\\\/stsmeetsethics-banner-scaled.jpg\",\"image_align\":\"bottom\",\"image_grid_breakpoint\":\"m\",\"image_grid_width\":\"1-2\",\"image_margin\":\"medium\",\"image_svg_color\":\"emphasis\",\"image_text_color\":\"dark\",\"link\":\"http:\\\/\\\/www.ststurkey.net\\\/?page_id=2604\",\"link_fullwidth\":true,\"link_margin\":\"medium\",\"link_size\":\"large\",\"link_style\":\"primary\",\"link_target\":true,\"link_text\":\"Ayr\\u0131nt\\u0131lar\",\"margin\":\"default\",\"meta\":\"31 Ekim\\u2013 2 Kas\\u0131m 2023 -  ODT\\u00dc K\\u00fclt\\u00fcr ve Kongre Merkezi\",\"meta_align\":\"below-title\",\"meta_element\":\"div\",\"meta_margin\":\"small\",\"meta_style\":\"text-meta\",\"panel_padding\":\"large\",\"panel_style\":\"card-primary\",\"title\":\"STS T\\u00fcrkiye Konferans\\u0131 2023 #STSMeetsEthics23\",\"title_align\":\"top\",\"title_decoration\":\"bullet\",\"title_element\":\"h3\",\"title_grid_breakpoint\":\"m\",\"title_grid_width\":\"1-2\",\"title_hover_style\":\"reset\",\"title_style\":\"h1\"}}]},{\"type\":\"column\",\"props\":{\"image_position\":\"center-center\",\"position_sticky_breakpoint\":\"m\",\"width_medium\":\"1-2\"},\"children\":[{\"type\":\"panel\",\"props\":{\"content_column_breakpoint\":\"m\",\"height_expand\":true,\"icon_width\":80,\"image\":\"http:\\\/\\\/www.ststurkey.net\\\/wp-content\\\/uploads\\\/2022\\\/12\\\/ststurkey22-banner-scaled.jpg\",\"image_align\":\"bottom\",\"image_grid_breakpoint\":\"m\",\"image_grid_width\":\"1-2\",\"image_margin\":\"medium\",\"image_svg_color\":\"emphasis\",\"image_text_color\":\"dark\",\"link\":\"http:\\\/\\\/www.ststurkey.net\\\/?page_id=2593\",\"link_fullwidth\":true,\"link_margin\":\"medium\",\"link_size\":\"large\",\"link_style\":\"primary\",\"link_target\":true,\"link_text\":\"Ayr\\u0131nt\\u0131lar\",\"margin\":\"default\",\"meta\":\"24\\u201325 Kas\\u0131m 2022 - \\u0130stanbul Bilgi \\u00dcniversitesi\",\"meta_align\":\"below-title\",\"meta_element\":\"div\",\"meta_margin\":\"small\",\"meta_style\":\"text-meta\",\"panel_padding\":\"large\",\"panel_style\":\"card-primary\",\"title\":\"STS T\\u00fcrkiye Konferans\\u0131 2022\",\"title_align\":\"top\",\"title_decoration\":\"bullet\",\"title_element\":\"h3\",\"title_grid_breakpoint\":\"m\",\"title_grid_width\":\"1-2\",\"title_hover_style\":\"reset\",\"title_style\":\"h1\"}}]}]},{\"type\":\"row\",\"props\":{\"layout\":\"1-2,1-2\"},\"children\":[{\"type\":\"column\",\"props\":{\"image_position\":\"center-center\",\"position_sticky_breakpoint\":\"m\",\"width_medium\":\"1-2\"},\"children\":[{\"type\":\"panel\",\"props\":{\"content_column_breakpoint\":\"m\",\"height_expand\":true,\"icon_width\":80,\"image\":\"http:\\\/\\\/www.ststurkey.net\\\/wp-content\\\/uploads\\\/2021\\\/07\\\/sts-turkey_2021_konferansi-scaled.jpg\",\"image_align\":\"bottom\",\"image_grid_breakpoint\":\"m\",\"image_grid_width\":\"1-2\",\"image_margin\":\"medium\",\"image_svg_color\":\"emphasis\",\"image_text_color\":\"dark\",\"link\":\"http:\\\/\\\/www.ststurkey.net\\\/?page_id=2583\",\"link_fullwidth\":true,\"link_margin\":\"medium\",\"link_size\":\"large\",\"link_style\":\"primary\",\"link_target\":true,\"link_text\":\"Ayr\\u0131nt\\u0131lar\",\"margin\":\"default\",\"meta\":\"22\\u201324 Kas\\u0131m 2021 -  \\u00c7evrimi\\u00e7i\",\"meta_align\":\"below-title\",\"meta_element\":\"div\",\"meta_margin\":\"small\",\"meta_style\":\"text-meta\",\"panel_padding\":\"large\",\"panel_style\":\"card-primary\",\"title\":\"STS T\\u00fcrkiye Konferans\\u0131 2021\",\"title_align\":\"top\",\"title_decoration\":\"bullet\",\"title_element\":\"h3\",\"title_grid_breakpoint\":\"m\",\"title_grid_width\":\"1-2\",\"title_hover_style\":\"reset\",\"title_style\":\"h1\"}}]},{\"type\":\"column\",\"props\":{\"image_position\":\"center-center\",\"position_sticky_breakpoint\":\"m\",\"width_medium\":\"1-2\"},\"children\":[{\"type\":\"panel\",\"props\":{\"content_column_breakpoint\":\"m\",\"height_expand\":true,\"icon_width\":80,\"image\":\"http:\\\/\\\/www.ststurkey.net\\\/wp-content\\\/uploads\\\/2025\\\/07\\\/Ekran-Resmi-2025-07-17-14.57.39.png\",\"image_align\":\"bottom\",\"image_grid_breakpoint\":\"m\",\"image_grid_width\":\"1-2\",\"image_margin\":\"medium\",\"image_svg_color\":\"emphasis\",\"image_text_color\":\"dark\",\"link\":\"http:\\\/\\\/www.ststurkey.net\\\/?page_id=2566\",\"link_fullwidth\":true,\"link_margin\":\"medium\",\"link_size\":\"large\",\"link_style\":\"primary\",\"link_target\":true,\"link_text\":\"Ayr\\u0131nt\\u0131lar\",\"margin\":\"default\",\"meta\":\"14\\u201316 Ekim 2020 -  Konya Bilim Merkezi\",\"meta_align\":\"below-title\",\"meta_element\":\"div\",\"meta_margin\":\"small\",\"meta_style\":\"text-meta\",\"panel_padding\":\"large\",\"panel_style\":\"card-primary\",\"title\":\"STS T\\u00fcrkiye Konferans\\u0131 2020\",\"title_align\":\"top\",\"title_decoration\":\"bullet\",\"title_element\":\"h3\",\"title_grid_breakpoint\":\"m\",\"title_grid_width\":\"1-2\",\"title_hover_style\":\"reset\",\"title_style\":\"h1\"}}]}]},{\"type\":\"row\",\"props\":{\"layout\":\"1-2,1-2\"},\"children\":[{\"type\":\"column\",\"props\":{\"image_position\":\"center-center\",\"position_sticky_breakpoint\":\"m\",\"width_medium\":\"1-2\"},\"children\":[{\"type\":\"panel\",\"props\":{\"content_column_breakpoint\":\"m\",\"height_expand\":true,\"icon_width\":80,\"image\":\"http:\\\/\\\/www.ststurkey.net\\\/wp-content\\\/uploads\\\/2025\\\/07\\\/banner-1.png\",\"image_align\":\"bottom\",\"image_grid_breakpoint\":\"m\",\"image_grid_width\":\"1-2\",\"image_margin\":\"medium\",\"image_svg_color\":\"emphasis\",\"image_text_color\":\"dark\",\"link\":\"http:\\\/\\\/www.ststurkey.net\\\/?page_id=2553\",\"link_fullwidth\":true,\"link_margin\":\"medium\",\"link_size\":\"large\",\"link_style\":\"primary\",\"link_target\":true,\"link_text\":\"Ayr\\u0131nt\\u0131lar\",\"margin\":\"default\",\"meta\":\"10\\u201312 Eyl\\u00fcl 2019 -  \\u0130T\\u00dc S\\u00fcleyman Demirel K\\u00fclt\\u00fcr Merkezi\",\"meta_align\":\"below-title\",\"meta_element\":\"div\",\"meta_margin\":\"small\",\"meta_style\":\"text-meta\",\"panel_padding\":\"large\",\"panel_style\":\"card-primary\",\"title\":\"STS T\\u00fcrkiye Konferans\\u0131 2019\",\"title_align\":\"top\",\"title_decoration\":\"bullet\",\"title_element\":\"h3\",\"title_grid_breakpoint\":\"m\",\"title_grid_width\":\"1-2\",\"title_hover_style\":\"reset\",\"title_style\":\"h1\"}}]},{\"type\":\"column\",\"props\":{\"image_position\":\"center-center\",\"position_sticky_breakpoint\":\"m\",\"width_medium\":\"1-2\"},\"children\":[{\"type\":\"panel\",\"props\":{\"content_column_breakpoint\":\"m\",\"height_expand\":true,\"icon_width\":80,\"image\":\"http:\\\/\\\/www.ststurkey.net\\\/wp-content\\\/uploads\\\/2025\\\/07\\\/STS_Banner.jpg\",\"image_align\":\"bottom\",\"image_grid_breakpoint\":\"m\",\"image_grid_width\":\"1-2\",\"image_margin\":\"medium\",\"image_svg_color\":\"emphasis\",\"image_text_color\":\"dark\",\"link\":\"http:\\\/\\\/www.ststurkey.net\\\/?page_id=2536\",\"link_fullwidth\":true,\"link_margin\":\"medium\",\"link_size\":\"large\",\"link_style\":\"primary\",\"link_target\":true,\"link_text\":\"Ayr\\u0131nt\\u0131lar\",\"margin\":\"default\",\"meta\":\"10\\u201311 Eyl\\u00fcl 2018 -  ODT\\u00dc K\\u00fclt\\u00fcr ve Kongre Merkezi\",\"meta_align\":\"below-title\",\"meta_element\":\"div\",\"meta_margin\":\"small\",\"meta_style\":\"text-meta\",\"panel_padding\":\"large\",\"panel_style\":\"card-primary\",\"title\":\"STS T\\u00fcrkiye Konferans\\u0131 2018\",\"title_align\":\"top\",\"title_decoration\":\"bullet\",\"title_element\":\"h3\",\"title_grid_breakpoint\":\"m\",\"title_grid_width\":\"1-2\",\"title_hover_style\":\"reset\",\"title_style\":\"h1\"}}]}]}]}],\"version\":\"4.5.21\"} --><\/p>\n","protected":false},"excerpt":{"rendered":"<p>Konferans STS T\u00fcrkiye Konferans\u0131 2025 6-7 Kas\u0131m 2025 &#8211; HECAS Ayr\u0131nt\u0131lar STS T\u00fcrkiye Konferans\u0131 2023 #STSMeetsEthics23 31 Ekim\u2013 2 Kas\u0131m 2023 &#8211; ODT\u00dc K\u00fclt\u00fcr ve Kongre Merkezi Ayr\u0131nt\u0131lar STS T\u00fcrkiye Konferans\u0131 2022 24\u201325 Kas\u0131m 2022 &#8211; \u0130stanbul Bilgi \u00dcniversitesi Ayr\u0131nt\u0131lar STS T\u00fcrkiye Konferans\u0131 2021 22\u201324 Kas\u0131m 2021 &#8211; \u00c7evrimi\u00e7i Ayr\u0131nt\u0131lar STS T\u00fcrkiye Konferans\u0131 2020 14\u201316 [&hellip;]<\/p>\n","protected":false},"author":1,"featured_media":0,"parent":0,"menu_order":0,"comment_status":"closed","ping_status":"closed","template":"","meta":{"_acf_changed":false,"footnotes":""},"class_list":["post-2473","page","type-page","status-publish","hentry"],"acf":[],"_links":{"self":[{"href":"https:\/\/www.ststurkey.net\/index.php?rest_route=\/wp\/v2\/pages\/2473","targetHints":{"allow":["GET"]}}],"collection":[{"href":"https:\/\/www.ststurkey.net\/index.php?rest_route=\/wp\/v2\/pages"}],"about":[{"href":"https:\/\/www.ststurkey.net\/index.php?rest_route=\/wp\/v2\/types\/page"}],"author":[{"embeddable":true,"href":"https:\/\/www.ststurkey.net\/index.php?rest_route=\/wp\/v2\/users\/1"}],"replies":[{"embeddable":true,"href":"https:\/\/www.ststurkey.net\/index.php?rest_route=%2Fwp%2Fv2%2Fcomments&post=2473"}],"version-history":[{"count":30,"href":"https:\/\/www.ststurkey.net\/index.php?rest_route=\/wp\/v2\/pages\/2473\/revisions"}],"predecessor-version":[{"id":2697,"href":"https:\/\/www.ststurkey.net\/index.php?rest_route=\/wp\/v2\/pages\/2473\/revisions\/2697"}],"wp:attachment":[{"href":"https:\/\/www.ststurkey.net\/index.php?rest_route=%2Fwp%2Fv2%2Fmedia&parent=2473"}],"curies":[{"name":"wp","href":"https:\/\/api.w.org\/{rel}","templated":true}]}}