{"id":2417,"date":"2025-07-12T12:22:00","date_gmt":"2025-07-12T12:22:00","guid":{"rendered":"http:\/\/www.aiarthistorylab.com\/?page_id=2417"},"modified":"2025-12-21T18:56:39","modified_gmt":"2025-12-21T15:56:39","slug":"kis-okulu","status":"publish","type":"page","link":"https:\/\/www.ststurkey.net\/?page_id=2417","title":{"rendered":"K\u0131s Okulu"},"content":{"rendered":"<h1>K\u0131\u015f Okulu<\/h1>\n<hr>\n<div>\n<p>        <img decoding=\"async\" src=\"\/wp-content\/uploads\/2025\/12\/WhatsApp-Image-2025-12-21-at-16.38.05.jpeg\" alt=\"\"><\/p>\n<h3>STS T\u00fcrk\u0130ye B\u0130l\u0130m Teknoloj\u0130 ve Toplum K\u0131\u015f Okulu 2026<\/h3>\n<p><a href=\"https:\/\/www.ststurkey.net\/?page_id=2747\">Ayr\u0131nt\u0131lar<\/a><\/p>\n<\/div>\n<div>\n<p>        <img decoding=\"async\" src=\"http:\/\/www.ststurkey.net\/wp-content\/uploads\/2025\/07\/Uberschrift-hinzufugen.png\" alt=\"\"><\/p>\n<h3>STS T\u00fcrk\u0130ye B\u0130l\u0130m Teknoloj\u0130 ve Toplum K\u0131\u015f Okulu 2025<\/h3>\n<p><a href=\"http:\/\/www.ststurkey.net\/?page_id=2520\">Ayr\u0131nt\u0131lar<\/a><\/p>\n<\/div>\n<div>\n<p>        <img decoding=\"async\" src=\"http:\/\/www.ststurkey.net\/wp-content\/uploads\/2016\/07\/STSTurkiyeWinterSchool2024-1024x512-1.png\" alt=\"\"><\/p>\n<h3>STS T\u00fcrk\u0130ye B\u0130l\u0130m Teknoloj\u0130 ve Toplum K\u0131\u015f Okulu 2024<\/h3>\n<p><a href=\"http:\/\/www.ststurkey.net\/?page_id=2518\">Ayr\u0131nt\u0131lar<\/a><\/p>\n<\/div>\n<div>\n<p>        <img decoding=\"async\" src=\"http:\/\/www.ststurkey.net\/wp-content\/uploads\/2016\/05\/ststurkey-kisokulu23.jpeg\" alt=\"\"><\/p>\n<h3>STS T\u00fcrk\u0130ye B\u0130l\u0130m Teknoloj\u0130 ve Toplum K\u0131\u015f Okulu 2023<\/h3>\n<p><a href=\"http:\/\/www.ststurkey.net\/?page_id=2516\">Ayr\u0131nt\u0131lar<\/a><\/p>\n<\/div>\n<div>\n<p>        <img decoding=\"async\" src=\"http:\/\/www.ststurkey.net\/wp-content\/uploads\/2022\/02\/sts-turkey-kisokulu22-1-1-scaled.png\" alt=\"\"><\/p>\n<h3>STS T\u00fcrk\u0130ye B\u0130l\u0130m Teknoloj\u0130 ve Toplum K\u0131\u015f Okulu 2022<\/h3>\n<p><a href=\"http:\/\/www.ststurkey.net\/?page_id=2514\">Ayr\u0131nt\u0131lar<\/a><\/p>\n<\/div>\n<div>\n<p>        <img decoding=\"async\" src=\"http:\/\/www.ststurkey.net\/wp-content\/uploads\/2025\/07\/Banner_Turkce-1-scaled.png\" alt=\"\"><\/p>\n<h3>STS T\u00fcrk\u0130ye B\u0130l\u0130m Teknoloj\u0130 ve Toplum K\u0131\u015f Okulu 2021<\/h3>\n<p><a href=\"http:\/\/www.ststurkey.net\/?page_id=2510\">Ayr\u0131nt\u0131lar<\/a><\/p>\n<\/div>\n<div>\n<p>        <img decoding=\"async\" src=\"http:\/\/www.ststurkey.net\/wp-content\/uploads\/2019\/12\/sts19kisokulu-scaled.png\" alt=\"\"><\/p>\n<h3>STS T\u00fcrk\u0130ye B\u0130l\u0130m Teknoloj\u0130 ve Toplum K\u0131\u015f Okulu 2020<\/h3>\n<p><a href=\"http:\/\/www.ststurkey.net\/?page_id=2508\">Ayr\u0131nt\u0131lar<\/a><\/p>\n<\/div>\n<div>\n<p>        <img decoding=\"async\" src=\"http:\/\/www.ststurkey.net\/wp-content\/uploads\/2025\/07\/STSTurkeyKisOkulu_tr-1024x320-1.jpg\" alt=\"\"><\/p>\n<h3>STS T\u00fcrk\u0130ye B\u0130l\u0130m Teknoloj\u0130 ve Toplum K\u0131\u015f Okulu 2019<\/h3>\n<p><a href=\"http:\/\/www.ststurkey.net\/?page_id=2470\">Ayr\u0131nt\u0131lar<\/a><\/p>\n<\/div>\n<p><!--more--><br \/>\n<!-- {\"type\":\"layout\",\"children\":[{\"type\":\"section\",\"props\":{\"animation\":\"slide-bottom\",\"animation_delay\":\"200\",\"header_transparent\":true,\"header_transparent_text_color\":\"dark\",\"image_position\":\"center-center\",\"padding\":\"xlarge\",\"padding_remove_bottom\":true,\"style\":\"default\",\"title_breakpoint\":\"xl\",\"title_position\":\"top-left\",\"title_rotation\":\"left\",\"vertical_align\":\"middle\",\"width\":\"default\"},\"children\":[{\"type\":\"row\",\"children\":[{\"type\":\"column\",\"props\":{\"image_position\":\"center-center\",\"position_sticky_breakpoint\":\"m\"},\"children\":[{\"type\":\"headline\",\"props\":{\"content\":\"K\\u0131\\u015f Okulu\",\"title_element\":\"h1\",\"title_style\":\"heading-small\"}},{\"type\":\"divider\",\"props\":{\"divider_element\":\"hr\",\"divider_style\":\"small\"}}]}]},{\"type\":\"row\",\"children\":[{\"type\":\"column\",\"props\":{\"image_position\":\"center-center\",\"position_sticky_breakpoint\":\"m\",\"width_medium\":\"1-2\"},\"children\":[{\"type\":\"panel\",\"props\":{\"content_column_breakpoint\":\"m\",\"height_expand\":true,\"icon_width\":80,\"image\":\"wp-content\\\/uploads\\\/2025\\\/12\\\/WhatsApp-Image-2025-12-21-at-16.38.05.jpeg\",\"image_align\":\"bottom\",\"image_grid_breakpoint\":\"m\",\"image_grid_width\":\"1-2\",\"image_loading\":false,\"image_margin\":\"medium\",\"image_svg_color\":\"emphasis\",\"image_text_color\":\"dark\",\"link\":\"https:\\\/\\\/www.ststurkey.net\\\/?page_id=2747\",\"link_fullwidth\":true,\"link_margin\":\"medium\",\"link_size\":\"large\",\"link_style\":\"primary\",\"link_target\":true,\"link_text\":\"Ayr\\u0131nt\\u0131lar\",\"margin\":\"default\",\"meta_align\":\"below-title\",\"meta_element\":\"div\",\"meta_style\":\"text-meta\",\"panel_image_no_padding\":false,\"panel_padding\":\"large\",\"panel_style\":\"card-primary\",\"title\":\"STS T\\u00fcrk\\u0130ye B\\u0130l\\u0130m Teknoloj\\u0130 ve Toplum K\\u0131\\u015f Okulu 2026\",\"title_align\":\"top\",\"title_decoration\":\"bullet\",\"title_element\":\"h3\",\"title_grid_breakpoint\":\"m\",\"title_grid_width\":\"1-2\",\"title_hover_style\":\"reset\",\"title_style\":\"h1\"}}]},{\"type\":\"column\",\"props\":{\"image_position\":\"center-center\",\"position_sticky_breakpoint\":\"m\",\"width_medium\":\"1-2\"},\"children\":[{\"type\":\"panel\",\"props\":{\"content_column_breakpoint\":\"m\",\"height_expand\":true,\"icon_width\":80,\"image\":\"http:\\\/\\\/www.ststurkey.net\\\/wp-content\\\/uploads\\\/2025\\\/07\\\/Uberschrift-hinzufugen.png\",\"image_align\":\"bottom\",\"image_grid_breakpoint\":\"m\",\"image_grid_width\":\"1-2\",\"image_loading\":false,\"image_margin\":\"medium\",\"image_svg_color\":\"emphasis\",\"image_text_color\":\"dark\",\"link\":\"http:\\\/\\\/www.ststurkey.net\\\/?page_id=2520\",\"link_fullwidth\":true,\"link_margin\":\"medium\",\"link_size\":\"large\",\"link_style\":\"primary\",\"link_target\":true,\"link_text\":\"Ayr\\u0131nt\\u0131lar\",\"margin\":\"default\",\"meta_align\":\"below-title\",\"meta_element\":\"div\",\"meta_style\":\"text-meta\",\"panel_image_no_padding\":false,\"panel_padding\":\"large\",\"panel_style\":\"card-primary\",\"title\":\"STS T\\u00fcrk\\u0130ye B\\u0130l\\u0130m Teknoloj\\u0130 ve Toplum K\\u0131\\u015f Okulu 2025\",\"title_align\":\"top\",\"title_decoration\":\"bullet\",\"title_element\":\"h3\",\"title_grid_breakpoint\":\"m\",\"title_grid_width\":\"1-2\",\"title_hover_style\":\"reset\",\"title_style\":\"h1\"}}]}],\"props\":{\"layout\":\"1-2,1-2\"}},{\"type\":\"row\",\"props\":{\"layout\":\"1-2,1-2\"},\"children\":[{\"type\":\"column\",\"props\":{\"image_position\":\"center-center\",\"position_sticky_breakpoint\":\"m\",\"width_medium\":\"1-2\"},\"children\":[{\"type\":\"panel\",\"props\":{\"content_column_breakpoint\":\"m\",\"height_expand\":true,\"icon_width\":80,\"image\":\"http:\\\/\\\/www.ststurkey.net\\\/wp-content\\\/uploads\\\/2016\\\/07\\\/STSTurkiyeWinterSchool2024-1024x512-1.png\",\"image_align\":\"bottom\",\"image_grid_breakpoint\":\"m\",\"image_grid_width\":\"1-2\",\"image_loading\":false,\"image_margin\":\"medium\",\"image_svg_color\":\"emphasis\",\"image_text_color\":\"dark\",\"link\":\"http:\\\/\\\/www.ststurkey.net\\\/?page_id=2518\",\"link_fullwidth\":true,\"link_margin\":\"medium\",\"link_size\":\"large\",\"link_style\":\"primary\",\"link_target\":true,\"link_text\":\"Ayr\\u0131nt\\u0131lar\",\"margin\":\"default\",\"meta_align\":\"below-title\",\"meta_element\":\"div\",\"meta_style\":\"text-meta\",\"panel_image_no_padding\":false,\"panel_padding\":\"large\",\"panel_style\":\"card-primary\",\"title\":\"STS T\\u00fcrk\\u0130ye B\\u0130l\\u0130m Teknoloj\\u0130 ve Toplum K\\u0131\\u015f Okulu 2024\",\"title_align\":\"top\",\"title_decoration\":\"bullet\",\"title_element\":\"h3\",\"title_grid_breakpoint\":\"m\",\"title_grid_width\":\"1-2\",\"title_hover_style\":\"reset\",\"title_style\":\"h1\"}}]},{\"type\":\"column\",\"props\":{\"image_position\":\"center-center\",\"position_sticky_breakpoint\":\"m\",\"width_medium\":\"1-2\"},\"children\":[{\"type\":\"panel\",\"props\":{\"content_column_breakpoint\":\"m\",\"height_expand\":true,\"icon_width\":80,\"image\":\"http:\\\/\\\/www.ststurkey.net\\\/wp-content\\\/uploads\\\/2016\\\/05\\\/ststurkey-kisokulu23.jpeg\",\"image_align\":\"bottom\",\"image_grid_breakpoint\":\"m\",\"image_grid_width\":\"1-2\",\"image_loading\":false,\"image_margin\":\"medium\",\"image_svg_color\":\"emphasis\",\"image_text_color\":\"dark\",\"link\":\"http:\\\/\\\/www.ststurkey.net\\\/?page_id=2516\",\"link_fullwidth\":true,\"link_margin\":\"medium\",\"link_size\":\"large\",\"link_style\":\"primary\",\"link_target\":true,\"link_text\":\"Ayr\\u0131nt\\u0131lar\",\"margin\":\"default\",\"meta_align\":\"below-title\",\"meta_element\":\"div\",\"meta_style\":\"text-meta\",\"panel_image_no_padding\":false,\"panel_padding\":\"large\",\"panel_style\":\"card-primary\",\"title\":\"STS T\\u00fcrk\\u0130ye B\\u0130l\\u0130m Teknoloj\\u0130 ve Toplum K\\u0131\\u015f Okulu 2023\",\"title_align\":\"top\",\"title_decoration\":\"bullet\",\"title_element\":\"h3\",\"title_grid_breakpoint\":\"m\",\"title_grid_width\":\"1-2\",\"title_hover_style\":\"reset\",\"title_style\":\"h1\"}}]}]},{\"type\":\"row\",\"props\":{\"layout\":\"1-2,1-2\"},\"children\":[{\"type\":\"column\",\"props\":{\"image_position\":\"center-center\",\"position_sticky_breakpoint\":\"m\",\"width_medium\":\"1-2\"},\"children\":[{\"type\":\"panel\",\"props\":{\"content_column_breakpoint\":\"m\",\"height_expand\":true,\"icon_width\":80,\"image\":\"http:\\\/\\\/www.ststurkey.net\\\/wp-content\\\/uploads\\\/2022\\\/02\\\/sts-turkey-kisokulu22-1-1-scaled.png\",\"image_align\":\"bottom\",\"image_grid_breakpoint\":\"m\",\"image_grid_width\":\"1-2\",\"image_loading\":false,\"image_margin\":\"medium\",\"image_svg_color\":\"emphasis\",\"image_text_color\":\"dark\",\"link\":\"http:\\\/\\\/www.ststurkey.net\\\/?page_id=2514\",\"link_fullwidth\":true,\"link_margin\":\"medium\",\"link_size\":\"large\",\"link_style\":\"primary\",\"link_target\":true,\"link_text\":\"Ayr\\u0131nt\\u0131lar\",\"margin\":\"default\",\"meta_align\":\"below-title\",\"meta_element\":\"div\",\"meta_style\":\"text-meta\",\"panel_image_no_padding\":false,\"panel_padding\":\"large\",\"panel_style\":\"card-primary\",\"title\":\"STS T\\u00fcrk\\u0130ye B\\u0130l\\u0130m Teknoloj\\u0130 ve Toplum K\\u0131\\u015f Okulu 2022\",\"title_align\":\"top\",\"title_decoration\":\"bullet\",\"title_element\":\"h3\",\"title_grid_breakpoint\":\"m\",\"title_grid_width\":\"1-2\",\"title_hover_style\":\"reset\",\"title_style\":\"h1\"}}]},{\"type\":\"column\",\"props\":{\"image_position\":\"center-center\",\"position_sticky_breakpoint\":\"m\",\"width_medium\":\"1-2\"},\"children\":[{\"type\":\"panel\",\"props\":{\"content_column_breakpoint\":\"m\",\"height_expand\":true,\"icon_width\":80,\"image\":\"http:\\\/\\\/www.ststurkey.net\\\/wp-content\\\/uploads\\\/2025\\\/07\\\/Banner_Turkce-1-scaled.png\",\"image_align\":\"bottom\",\"image_grid_breakpoint\":\"m\",\"image_grid_width\":\"1-2\",\"image_loading\":false,\"image_margin\":\"medium\",\"image_svg_color\":\"emphasis\",\"image_text_color\":\"dark\",\"link\":\"http:\\\/\\\/www.ststurkey.net\\\/?page_id=2510\",\"link_fullwidth\":true,\"link_margin\":\"medium\",\"link_size\":\"large\",\"link_style\":\"primary\",\"link_target\":true,\"link_text\":\"Ayr\\u0131nt\\u0131lar\",\"margin\":\"default\",\"meta_align\":\"below-title\",\"meta_element\":\"div\",\"meta_style\":\"text-meta\",\"panel_image_no_padding\":false,\"panel_padding\":\"large\",\"panel_style\":\"card-primary\",\"title\":\"STS T\\u00fcrk\\u0130ye B\\u0130l\\u0130m Teknoloj\\u0130 ve Toplum K\\u0131\\u015f Okulu 2021\",\"title_align\":\"top\",\"title_decoration\":\"bullet\",\"title_element\":\"h3\",\"title_grid_breakpoint\":\"m\",\"title_grid_width\":\"1-2\",\"title_hover_style\":\"reset\",\"title_style\":\"h1\"}}]}]},{\"type\":\"row\",\"props\":{\"layout\":\"1-2,1-2\"},\"children\":[{\"type\":\"column\",\"props\":{\"image_position\":\"center-center\",\"position_sticky_breakpoint\":\"m\",\"width_medium\":\"1-2\"},\"children\":[{\"type\":\"panel\",\"props\":{\"content_column_breakpoint\":\"m\",\"height_expand\":true,\"icon_width\":80,\"image\":\"http:\\\/\\\/www.ststurkey.net\\\/wp-content\\\/uploads\\\/2019\\\/12\\\/sts19kisokulu-scaled.png\",\"image_align\":\"bottom\",\"image_grid_breakpoint\":\"m\",\"image_grid_width\":\"1-2\",\"image_loading\":false,\"image_margin\":\"medium\",\"image_svg_color\":\"emphasis\",\"image_text_color\":\"dark\",\"link\":\"http:\\\/\\\/www.ststurkey.net\\\/?page_id=2508\",\"link_fullwidth\":true,\"link_margin\":\"medium\",\"link_size\":\"large\",\"link_style\":\"primary\",\"link_target\":true,\"link_text\":\"Ayr\\u0131nt\\u0131lar\",\"margin\":\"default\",\"meta_align\":\"below-title\",\"meta_element\":\"div\",\"meta_style\":\"text-meta\",\"panel_image_no_padding\":false,\"panel_padding\":\"large\",\"panel_style\":\"card-primary\",\"title\":\"STS T\\u00fcrk\\u0130ye B\\u0130l\\u0130m Teknoloj\\u0130 ve Toplum K\\u0131\\u015f Okulu 2020\",\"title_align\":\"top\",\"title_decoration\":\"bullet\",\"title_element\":\"h3\",\"title_grid_breakpoint\":\"m\",\"title_grid_width\":\"1-2\",\"title_hover_style\":\"reset\",\"title_style\":\"h1\"}}]},{\"type\":\"column\",\"props\":{\"image_position\":\"center-center\",\"position_sticky_breakpoint\":\"m\",\"width_medium\":\"1-2\"},\"children\":[{\"type\":\"panel\",\"props\":{\"content_column_breakpoint\":\"m\",\"height_expand\":true,\"icon_width\":80,\"image\":\"http:\\\/\\\/www.ststurkey.net\\\/wp-content\\\/uploads\\\/2025\\\/07\\\/STSTurkeyKisOkulu_tr-1024x320-1.jpg\",\"image_align\":\"bottom\",\"image_grid_breakpoint\":\"m\",\"image_grid_width\":\"1-2\",\"image_loading\":false,\"image_margin\":\"medium\",\"image_svg_color\":\"emphasis\",\"image_text_color\":\"dark\",\"link\":\"http:\\\/\\\/www.ststurkey.net\\\/?page_id=2470\",\"link_fullwidth\":true,\"link_margin\":\"medium\",\"link_size\":\"large\",\"link_style\":\"primary\",\"link_target\":true,\"link_text\":\"Ayr\\u0131nt\\u0131lar\",\"margin\":\"default\",\"meta_align\":\"below-title\",\"meta_element\":\"div\",\"meta_style\":\"text-meta\",\"panel_image_no_padding\":false,\"panel_padding\":\"large\",\"panel_style\":\"card-primary\",\"title\":\"STS T\\u00fcrk\\u0130ye B\\u0130l\\u0130m Teknoloj\\u0130 ve Toplum K\\u0131\\u015f Okulu 2019\",\"title_align\":\"top\",\"title_decoration\":\"bullet\",\"title_element\":\"h3\",\"title_grid_breakpoint\":\"m\",\"title_grid_width\":\"1-2\",\"title_hover_style\":\"reset\",\"title_style\":\"h1\"}}]}]}]}],\"version\":\"4.5.21\"} --><\/p>\n","protected":false},"excerpt":{"rendered":"<p>K\u0131\u015f Okulu STS T\u00fcrk\u0130ye B\u0130l\u0130m Teknoloj\u0130 ve Toplum K\u0131\u015f Okulu 2026 Ayr\u0131nt\u0131lar STS T\u00fcrk\u0130ye B\u0130l\u0130m Teknoloj\u0130 ve Toplum K\u0131\u015f Okulu 2025 Ayr\u0131nt\u0131lar STS T\u00fcrk\u0130ye B\u0130l\u0130m Teknoloj\u0130 ve Toplum K\u0131\u015f Okulu 2024 Ayr\u0131nt\u0131lar STS T\u00fcrk\u0130ye B\u0130l\u0130m Teknoloj\u0130 ve Toplum K\u0131\u015f Okulu 2023 Ayr\u0131nt\u0131lar STS T\u00fcrk\u0130ye B\u0130l\u0130m Teknoloj\u0130 ve Toplum K\u0131\u015f Okulu 2022 Ayr\u0131nt\u0131lar STS T\u00fcrk\u0130ye B\u0130l\u0130m [&hellip;]<\/p>\n","protected":false},"author":1,"featured_media":0,"parent":0,"menu_order":0,"comment_status":"closed","ping_status":"closed","template":"","meta":{"_acf_changed":false,"footnotes":""},"class_list":["post-2417","page","type-page","status-publish","hentry"],"acf":[],"_links":{"self":[{"href":"https:\/\/www.ststurkey.net\/index.php?rest_route=\/wp\/v2\/pages\/2417","targetHints":{"allow":["GET"]}}],"collection":[{"href":"https:\/\/www.ststurkey.net\/index.php?rest_route=\/wp\/v2\/pages"}],"about":[{"href":"https:\/\/www.ststurkey.net\/index.php?rest_route=\/wp\/v2\/types\/page"}],"author":[{"embeddable":true,"href":"https:\/\/www.ststurkey.net\/index.php?rest_route=\/wp\/v2\/users\/1"}],"replies":[{"embeddable":true,"href":"https:\/\/www.ststurkey.net\/index.php?rest_route=%2Fwp%2Fv2%2Fcomments&post=2417"}],"version-history":[{"count":44,"href":"https:\/\/www.ststurkey.net\/index.php?rest_route=\/wp\/v2\/pages\/2417\/revisions"}],"predecessor-version":[{"id":2756,"href":"https:\/\/www.ststurkey.net\/index.php?rest_route=\/wp\/v2\/pages\/2417\/revisions\/2756"}],"wp:attachment":[{"href":"https:\/\/www.ststurkey.net\/index.php?rest_route=%2Fwp%2Fv2%2Fmedia&parent=2417"}],"curies":[{"name":"wp","href":"https:\/\/api.w.org\/{rel}","templated":true}]}}