{"id":2365,"date":"2025-07-09T12:34:51","date_gmt":"2025-07-09T12:34:51","guid":{"rendered":"http:\/\/www.aiarthistorylab.com\/?page_id=2365"},"modified":"2025-07-17T13:20:18","modified_gmt":"2025-07-17T10:20:18","slug":"calisma-gruplari-2","status":"publish","type":"page","link":"https:\/\/www.ststurkey.net\/?page_id=2365","title":{"rendered":"\u00c7al\u0131\u015fma Gruplar\u0131"},"content":{"rendered":"<h1>\u00c7al\u0131\u015fma Gruplar\u0131<\/h1>\n<hr>\n<div>\n<h2>Sekreterya<\/h2>\n<div>\n<p>\u00c7i\u011fdem K\u0131zmaz (ODT\u00dc)<\/p>\n<p>U\u011fur Kocager (\u0130T\u00dc)<\/p>\n<\/div>\n<\/div>\n<div>\n<h2>Web S\u0130tes\u0130<\/h2>\n<div>\n<p><span>Melike \u015eahinol (Orient-Institut \u0130stanbul)<\/span><\/p>\n<p>U\u011fur Kocager (\u0130T\u00dc)<\/p>\n<\/div>\n<\/div>\n<div>\n<h2>Blog<\/h2>\n<div>\n<p>Melike \u015eahinol (Orient-Institut \u0130stanbul)<\/p>\n<p>\u015eafak K\u0131l\u0131\u00e7tepe (Ahi Evran \u00dcniversitesi)<\/p>\n<p>U\u011fur Kocager (\u0130T\u00dc)<\/p>\n<\/div>\n<\/div>\n<div>\n<h2>Sosyal Medya<\/h2>\n<div>\n<p>\u015eafak K\u0131l\u0131\u00e7tepe (Ahi Evran \u00dcniversitesi)<\/p>\n<p>Arda Temena (ODT\u00dc)<\/p>\n<p>A\u00e7elya Buse Ka\u00e7ak\u00a0<\/p>\n<\/div>\n<\/div>\n<div>\n<h2>Saha Etk\u0130le\u015f\u0130m\u0130<\/h2>\n<div>\n<p>Dilasu Pala (\u0130zmir Ekonomi \u00dcniversitesi)<\/p>\n<p>Kadircan T\u00fcz\u00fcner (Bo\u011fazi\u00e7i \u00dcniversitesi)<\/p>\n<\/div>\n<\/div>\n<div>\n<h2>Ge\u00e7m\u0130\u015f \u00c7al\u0131\u015fma Gruplar\u0131<\/h2>\n<div>\n<p>Ara\u015ft\u0131rma at\u00f6lyesi: Temellendirilmi\u015f Kuram Metodolojisi &amp; ATLAS.ti program\u0131 ile uygulamalar\u0131<\/p>\n<p>Bilim ve Teknoloji \u00c7al\u0131\u015fmalar\u0131 Kavram ve Terimler S\u00f6zl\u00fc\u011f\u00fc (IRIS)<\/p>\n<p>Sahadan Deneyimler: Bilim ve Teknolojiyi \u00c7al\u0131\u015fmak<\/p>\n<\/div>\n<\/div>\n<h1>\u00d6ncek\u0130 D\u00f6nem G\u00f6rev Alanlar<\/h1>\n<div>\n<p><span>\u0130pek Altun, Beyza Dilem Topdal, Cansu G\u00fcner-Birdal, H. Kaya Aky\u00fcz, Mustafa Adil Ayg\u00fcn, Mustafa Yavuz, Nurdan Y\u00fcksel, \u00d6zg\u00fcr I\u015f\u0131k, Selen Eren, Harun Kaygan, P\u0131nar Kaygan<\/span><\/p>\n<\/div>\n<p><!--more--><br \/>\n<!-- {\"type\":\"layout\",\"children\":[{\"type\":\"section\",\"props\":{\"animation\":\"slide-bottom\",\"animation_delay\":\"200\",\"header_transparent\":true,\"header_transparent_text_color\":\"dark\",\"image_position\":\"center-center\",\"padding\":\"xlarge\",\"padding_remove_bottom\":true,\"style\":\"default\",\"title_breakpoint\":\"xl\",\"title_position\":\"top-left\",\"title_rotation\":\"left\",\"vertical_align\":\"middle\",\"width\":\"default\"},\"children\":[{\"type\":\"row\",\"children\":[{\"type\":\"column\",\"props\":{\"image_position\":\"center-center\",\"position_sticky_breakpoint\":\"m\"},\"children\":[{\"type\":\"headline\",\"props\":{\"content\":\"\\u00c7al\\u0131\\u015fma Gruplar\\u0131\",\"title_element\":\"h1\",\"title_style\":\"heading-small\"}},{\"type\":\"divider\",\"props\":{\"divider_element\":\"hr\",\"divider_style\":\"small\"}}]}],\"props\":{\"margin\":\"xlarge\"}},{\"type\":\"row\",\"props\":{\"layout\":\"3-4,1-4\"},\"children\":[{\"type\":\"column\",\"props\":{\"image_position\":\"center-center\",\"position_sticky_breakpoint\":\"m\",\"width_medium\":\"3-4\"},\"children\":[{\"type\":\"panel\",\"props\":{\"content\":\"\n\n<p>\\u00c7i\\u011fdem K\\u0131zmaz (ODT\\u00dc)<\\\/p>\\n\n\n<p>U\\u011fur Kocager (\\u0130T\\u00dc)<\\\/p>\",\"content_column_breakpoint\":\"m\",\"height_expand\":false,\"icon_width\":80,\"image\":\"\",\"image_align\":\"left\",\"image_grid_breakpoint\":\"s\",\"image_grid_width\":\"1-2\",\"image_svg_color\":\"emphasis\",\"link_style\":\"default\",\"link_text\":\"Read more\",\"margin\":\"default\",\"meta_align\":\"below-title\",\"meta_element\":\"div\",\"meta_style\":\"text-meta\",\"panel_image_no_padding\":true,\"panel_padding\":\"large\",\"panel_style\":\"card-default\",\"title\":\"Sekreterya\",\"title_align\":\"top\",\"title_element\":\"h2\",\"title_grid_breakpoint\":\"m\",\"title_grid_width\":\"1-2\",\"title_hover_style\":\"reset\",\"title_style\":\"h1\"}}]},{\"type\":\"column\",\"props\":{\"image_position\":\"center-center\",\"position_sticky_breakpoint\":\"m\",\"width_medium\":\"1-4\"}}]},{\"type\":\"row\",\"props\":{\"layout\":\"1-4,3-4\"},\"children\":[{\"type\":\"column\",\"props\":{\"image_position\":\"center-center\",\"position_sticky_breakpoint\":\"m\",\"width_medium\":\"1-4\"}},{\"type\":\"column\",\"props\":{\"image_position\":\"center-center\",\"position_sticky_breakpoint\":\"m\",\"width_medium\":\"3-4\"},\"children\":[{\"type\":\"panel\",\"props\":{\"content\":\"\n\n<p><span>Melike \\u015eahinol (Orient-Institut \\u0130stanbul)<\\\/span><\\\/p>\\n\n\n<p>U\\u011fur Kocager (\\u0130T\\u00dc)<\\\/p>\",\"content_column_breakpoint\":\"m\",\"height_expand\":false,\"icon_width\":80,\"image\":\"\",\"image_align\":\"left\",\"image_grid_breakpoint\":\"s\",\"image_grid_width\":\"1-2\",\"image_svg_color\":\"emphasis\",\"link_style\":\"default\",\"link_text\":\"Read more\",\"margin\":\"default\",\"meta_align\":\"below-title\",\"meta_element\":\"div\",\"meta_style\":\"text-meta\",\"panel_image_no_padding\":true,\"panel_padding\":\"large\",\"panel_style\":\"card-default\",\"title\":\"Web S\\u0130tes\\u0130\",\"title_align\":\"top\",\"title_element\":\"h2\",\"title_grid_breakpoint\":\"m\",\"title_grid_width\":\"1-2\",\"title_hover_style\":\"reset\",\"title_style\":\"h1\"}}]}]},{\"type\":\"row\",\"props\":{\"layout\":\"3-4,1-4\"},\"children\":[{\"type\":\"column\",\"props\":{\"image_position\":\"center-center\",\"position_sticky_breakpoint\":\"m\",\"width_medium\":\"3-4\"},\"children\":[{\"type\":\"panel\",\"props\":{\"content\":\"\n\n<p>Melike \\u015eahinol (Orient-Institut \\u0130stanbul)<\\\/p>\\n\n\n<p>\\u015eafak K\\u0131l\\u0131\\u00e7tepe (Ahi Evran \\u00dcniversitesi)<\\\/p>\\n\n\n<p>U\\u011fur Kocager (\\u0130T\\u00dc)<\\\/p>\",\"content_column_breakpoint\":\"m\",\"height_expand\":false,\"icon_width\":80,\"image\":\"\",\"image_align\":\"left\",\"image_grid_breakpoint\":\"s\",\"image_grid_width\":\"1-2\",\"image_svg_color\":\"emphasis\",\"link_style\":\"default\",\"link_text\":\"Read more\",\"margin\":\"default\",\"meta_align\":\"below-title\",\"meta_element\":\"div\",\"meta_style\":\"text-meta\",\"panel_image_no_padding\":true,\"panel_padding\":\"large\",\"panel_style\":\"card-default\",\"title\":\"Blog\",\"title_align\":\"top\",\"title_element\":\"h2\",\"title_grid_breakpoint\":\"m\",\"title_grid_width\":\"1-2\",\"title_hover_style\":\"reset\",\"title_style\":\"h1\"}}]},{\"type\":\"column\",\"props\":{\"image_position\":\"center-center\",\"position_sticky_breakpoint\":\"m\",\"width_medium\":\"1-4\"}}]},{\"type\":\"row\",\"props\":{\"layout\":\"1-4,3-4\"},\"children\":[{\"type\":\"column\",\"props\":{\"image_position\":\"center-center\",\"position_sticky_breakpoint\":\"m\",\"width_medium\":\"1-4\"}},{\"type\":\"column\",\"props\":{\"image_position\":\"center-center\",\"position_sticky_breakpoint\":\"m\",\"width_medium\":\"3-4\"},\"children\":[{\"type\":\"panel\",\"props\":{\"content\":\"\n\n<p>\\u015eafak K\\u0131l\\u0131\\u00e7tepe (Ahi Evran \\u00dcniversitesi)<\\\/p>\\n\n\n<p>Arda Temena (ODT\\u00dc)<\\\/p>\\n\n\n<p>A\\u00e7elya Buse Ka\\u00e7ak\\u00a0<\\\/p>\",\"content_column_breakpoint\":\"m\",\"height_expand\":false,\"icon_width\":80,\"image\":\"\",\"image_align\":\"left\",\"image_grid_breakpoint\":\"s\",\"image_grid_width\":\"1-2\",\"image_svg_color\":\"emphasis\",\"link_style\":\"default\",\"link_text\":\"Read more\",\"margin\":\"default\",\"meta_align\":\"below-title\",\"meta_element\":\"div\",\"meta_style\":\"text-meta\",\"panel_image_no_padding\":true,\"panel_padding\":\"large\",\"panel_style\":\"card-default\",\"title\":\"Sosyal Medya\",\"title_align\":\"top\",\"title_element\":\"h2\",\"title_grid_breakpoint\":\"m\",\"title_grid_width\":\"1-2\",\"title_hover_style\":\"reset\",\"title_style\":\"h1\"}}]}]},{\"type\":\"row\",\"props\":{\"layout\":\"3-4,1-4\"},\"children\":[{\"type\":\"column\",\"props\":{\"image_position\":\"center-center\",\"position_sticky_breakpoint\":\"m\",\"width_medium\":\"3-4\"},\"children\":[{\"type\":\"panel\",\"props\":{\"content\":\"\n\n<p>Dilasu Pala (\\u0130zmir Ekonomi \\u00dcniversitesi)<\\\/p>\\n\n\n<p>Kadircan T\\u00fcz\\u00fcner (Bo\\u011fazi\\u00e7i \\u00dcniversitesi)<\\\/p>\",\"content_column_breakpoint\":\"m\",\"height_expand\":false,\"icon_width\":80,\"image\":\"\",\"image_align\":\"left\",\"image_grid_breakpoint\":\"s\",\"image_grid_width\":\"1-2\",\"image_svg_color\":\"emphasis\",\"link_style\":\"default\",\"link_text\":\"Read more\",\"margin\":\"default\",\"meta_align\":\"below-title\",\"meta_element\":\"div\",\"meta_style\":\"text-meta\",\"panel_image_no_padding\":true,\"panel_padding\":\"large\",\"panel_style\":\"card-default\",\"title\":\"Saha Etk\\u0130le\\u015f\\u0130m\\u0130\",\"title_align\":\"top\",\"title_element\":\"h2\",\"title_grid_breakpoint\":\"m\",\"title_grid_width\":\"1-2\",\"title_hover_style\":\"reset\",\"title_style\":\"h1\"}}]},{\"type\":\"column\",\"props\":{\"image_position\":\"center-center\",\"position_sticky_breakpoint\":\"m\",\"width_medium\":\"1-4\"}}]},{\"type\":\"row\",\"props\":{\"layout\":\"1-4,3-4\"},\"children\":[{\"type\":\"column\",\"props\":{\"image_position\":\"center-center\",\"position_sticky_breakpoint\":\"m\",\"width_medium\":\"1-4\"}},{\"type\":\"column\",\"props\":{\"image_position\":\"center-center\",\"position_sticky_breakpoint\":\"m\",\"width_medium\":\"3-4\"},\"children\":[{\"type\":\"panel\",\"props\":{\"content\":\"\n\n<p>Ara\\u015ft\\u0131rma at\\u00f6lyesi: Temellendirilmi\\u015f Kuram Metodolojisi &amp; ATLAS.ti program\\u0131 ile uygulamalar\\u0131<\\\/p>\\n\n\n<p>Bilim ve Teknoloji \\u00c7al\\u0131\\u015fmalar\\u0131 Kavram ve Terimler S\\u00f6zl\\u00fc\\u011f\\u00fc (IRIS)<\\\/p>\\n\n\n<p>Sahadan Deneyimler: Bilim ve Teknolojiyi \\u00c7al\\u0131\\u015fmak<\\\/p>\",\"content_column_breakpoint\":\"m\",\"height_expand\":false,\"icon_width\":80,\"image\":\"\",\"image_align\":\"left\",\"image_grid_breakpoint\":\"s\",\"image_grid_width\":\"1-2\",\"image_svg_color\":\"emphasis\",\"link_style\":\"default\",\"link_text\":\"Read more\",\"margin\":\"default\",\"meta_align\":\"below-title\",\"meta_element\":\"div\",\"meta_style\":\"text-meta\",\"panel_image_no_padding\":true,\"panel_padding\":\"large\",\"panel_style\":\"card-default\",\"title\":\"Ge\\u00e7m\\u0130\\u015f \\u00c7al\\u0131\\u015fma Gruplar\\u0131\",\"title_align\":\"top\",\"title_element\":\"h2\",\"title_grid_breakpoint\":\"m\",\"title_grid_width\":\"1-2\",\"title_hover_style\":\"reset\",\"title_style\":\"h1\"}}]}]}]},{\"type\":\"section\",\"props\":{\"image_position\":\"center-center\",\"style\":\"default\",\"title_breakpoint\":\"xl\",\"title_position\":\"top-left\",\"title_rotation\":\"left\",\"vertical_align\":\"middle\",\"width\":\"default\"},\"children\":[{\"type\":\"row\",\"children\":[{\"type\":\"column\",\"props\":{\"image_position\":\"center-center\",\"position_sticky_breakpoint\":\"m\"},\"children\":[{\"type\":\"headline\",\"props\":{\"content\":\"\\u00d6ncek\\u0130 D\\u00f6nem G\\u00f6rev Alanlar\",\"title_element\":\"h1\"}},{\"type\":\"text\",\"props\":{\"column_breakpoint\":\"m\",\"content\":\"\n\n<p><span>\\u0130pek Altun, Beyza Dilem Topdal, Cansu G\\u00fcner-Birdal, H. Kaya Aky\\u00fcz, Mustafa Adil Ayg\\u00fcn, Mustafa Yavuz, Nurdan Y\\u00fcksel, \\u00d6zg\\u00fcr I\\u015f\\u0131k, Selen Eren, Harun Kaygan, P\\u0131nar Kaygan<\\\/span><\\\/p>\",\"margin\":\"default\"}}]}]}]}],\"version\":\"4.5.21\"} --><\/p>\n","protected":false},"excerpt":{"rendered":"<p>\u00c7al\u0131\u015fma Gruplar\u0131 Sekreterya \u00c7i\u011fdem K\u0131zmaz (ODT\u00dc) U\u011fur Kocager (\u0130T\u00dc) Web S\u0130tes\u0130 Melike \u015eahinol (Orient-Institut \u0130stanbul) U\u011fur Kocager (\u0130T\u00dc) Blog Melike \u015eahinol (Orient-Institut \u0130stanbul) \u015eafak K\u0131l\u0131\u00e7tepe (Ahi Evran \u00dcniversitesi) U\u011fur Kocager (\u0130T\u00dc) Sosyal Medya \u015eafak K\u0131l\u0131\u00e7tepe (Ahi Evran \u00dcniversitesi) Arda Temena (ODT\u00dc) A\u00e7elya Buse Ka\u00e7ak\u00a0 Saha Etk\u0130le\u015f\u0130m\u0130 Dilasu Pala (\u0130zmir Ekonomi \u00dcniversitesi) Kadircan T\u00fcz\u00fcner (Bo\u011fazi\u00e7i \u00dcniversitesi) [&hellip;]<\/p>\n","protected":false},"author":1,"featured_media":0,"parent":0,"menu_order":0,"comment_status":"closed","ping_status":"closed","template":"","meta":{"_acf_changed":false,"footnotes":""},"class_list":["post-2365","page","type-page","status-publish","hentry"],"acf":[],"_links":{"self":[{"href":"https:\/\/www.ststurkey.net\/index.php?rest_route=\/wp\/v2\/pages\/2365","targetHints":{"allow":["GET"]}}],"collection":[{"href":"https:\/\/www.ststurkey.net\/index.php?rest_route=\/wp\/v2\/pages"}],"about":[{"href":"https:\/\/www.ststurkey.net\/index.php?rest_route=\/wp\/v2\/types\/page"}],"author":[{"embeddable":true,"href":"https:\/\/www.ststurkey.net\/index.php?rest_route=\/wp\/v2\/users\/1"}],"replies":[{"embeddable":true,"href":"https:\/\/www.ststurkey.net\/index.php?rest_route=%2Fwp%2Fv2%2Fcomments&post=2365"}],"version-history":[{"count":26,"href":"https:\/\/www.ststurkey.net\/index.php?rest_route=\/wp\/v2\/pages\/2365\/revisions"}],"predecessor-version":[{"id":2505,"href":"https:\/\/www.ststurkey.net\/index.php?rest_route=\/wp\/v2\/pages\/2365\/revisions\/2505"}],"wp:attachment":[{"href":"https:\/\/www.ststurkey.net\/index.php?rest_route=%2Fwp%2Fv2%2Fmedia&parent=2365"}],"curies":[{"name":"wp","href":"https:\/\/api.w.org\/{rel}","templated":true}]}}