{"id":21,"date":"2019-05-10T09:37:25","date_gmt":"2019-05-10T09:37:25","guid":{"rendered":"http:\/\/www.aiarthistorylab.com\/?page_id=21"},"modified":"2025-07-21T18:10:14","modified_gmt":"2025-07-21T15:10:14","slug":"location","status":"publish","type":"page","link":"https:\/\/www.ststurkey.net\/?page_id=21","title":{"rendered":"Kaynaklar"},"content":{"rendered":"<h1>KAYNAKLAR<\/h1>\n<hr>\n<h4>\n<div class=\"vc_custom_heading_wrap \">\n<div class=\"heading-text el-text\">\n<h2 class=\"h2\"><span>Faydal\u0131 Ba\u011flant\u0131lar<\/span><\/h2>\n<\/div>\n<\/div>\n<\/h4>\n<div>\n<ul>\n<li><a href=\"http:\/\/www.easst.net\/\" target=\"_blank\" rel=\"noopener noreferrer\">European Association for the Study of Science and Technology (EASST)<\/a><span data-ccp-props=\"{&quot;134233117&quot;:true,&quot;134233118&quot;:true,&quot;335559738&quot;:100,&quot;335559739&quot;:100}\">\u00a0<\/span><\/li>\n<li><a href=\"https:\/\/www.historyoftechnology.org\/\" target=\"_blank\" rel=\"noopener noreferrer\">Society for the History of Technology (SHOT)<\/a><\/li>\n<li><a href=\"http:\/\/4sonline.org\/\" target=\"_blank\" rel=\"noopener noreferrer\">Society for Social Studies of Science (4S)<\/a><span data-ccp-props=\"{&quot;134233117&quot;:true,&quot;134233118&quot;:true,&quot;335559738&quot;:100,&quot;335559739&quot;:100}\"><br \/><\/span><\/li>\n<li><a href=\"http:\/\/www.stswiki.org\/\" target=\"_blank\" rel=\"noopener noreferrer\">STS Wiki<\/a><span data-ccp-props=\"{&quot;134233117&quot;:true,&quot;134233118&quot;:true,&quot;335559738&quot;:100,&quot;335559739&quot;:100}\">\u00a0<\/span><\/li>\n<\/ul>\n<\/div>\n<h4>\n<div class=\"vc_custom_heading_wrap \">\n<div class=\"heading-text el-text\">\n<h3>STS alan<span class=\"st\">\u0131<\/span>nda<span>\u00a0<\/span><span class=\"st\">T\u00fcrkiye\u2019de<\/span><span>\u00a0<\/span>mevcut \u00dcniversite<span>\u00a0<\/span><span class=\"st\">Programlar\u0131<\/span><span>\u00a0<\/span>ve STS Gruplar<span class=\"st\">\u0131<\/span><\/h3>\n<\/div>\n<\/div>\n<\/h4>\n<div>\n<ul>\n<li>Ankara \u00dcniversiteyi, Sosyal Bilimler Enstit\u00fcs\u00fc, Bilim ve Toplum \u00c7al\u0131\u015fmalar\u0131<\/li>\n<li>I\u015f\u0131k \u00dcniversitesi, \u0130nsan ve Toplum Bilimleri,\u00a0Bilim, Teknoloji ve Toplum Dal\u0131<\/li>\n<li>\u0130stanbul Teknik \u00dcniversitesi,\u00a0 Sosyal Bilimler Enstit\u00fcs\u00fc, Bilim,Teknoloji ve Toplum<\/li>\n<li>\u0130stanbul \u00dcniversitesi, Edebiyat Fak\u00fcltesi, Bilim Tarihi B\u00f6l\u00fcm\u00fc<\/li>\n<li>Ortado\u011fu Teknik \u00dcniversitesi, Bilim ve Teknoloji Politikalar\u0131 (ODT\u00dc-TEKPOL)<\/li>\n<li>\u00d6zye\u011fin \u00dcniversitesi, Sosyal Bilimler Enstit\u00fcs\u00fc, Tasar\u0131m Teknoloji Toplum<\/li>\n<li><a href=\"http:\/\/ge301.bilkent.edu.tr\/bilkentstsnetwork\/\" target=\"_blank\" rel=\"noopener noreferrer\">Bilkent STS Network<\/a><\/li>\n<li><a href=\"https:\/\/stsistanbul.org\/\" target=\"_blank\" rel=\"noopener noreferrer\">IstanbuLab<\/a><\/li>\n<\/ul>\n<\/div>\n<h4>\n<div class=\"vc_custom_heading_wrap \">\n<div class=\"heading-text el-text\">\n<h3>STS Dersleri<\/h3>\n<\/div>\n<\/div>\n<\/h4>\n<div>\n<ul>\n<li>Science, Technology and Society (Faculty of Engineering, Bilkent University):<span>\u00a0<\/span><a class=\"moz-txt-link-freetext\" href=\"http:\/\/ge301-sts.bilkent.edu.tr\/\" target=\"_blank\" rel=\"noopener\">http:\/\/ge301-sts.bilkent.edu.tr\/<\/a><\/li>\n<\/ul>\n<\/p>\n<\/div>\n<h4>\n<div class=\"vc_custom_heading_wrap \">\n<div class=\"heading-text el-text\">\n<h2 class=\"h2\"><span>Yay\u0131nlar<\/span><\/h2>\n<\/div>\n<\/div>\n<div class=\"uncode_text_column\"><\/div>\n<\/h4>\n<div>\n<ul>\n<li data-listid=\"2\" aria-setsize=\"-1\" data-aria-posinset=\"4\" data-aria-level=\"1\"><a href=\"https:\/\/www.press.jhu.edu\/journals\/configurations\/\" target=\"_blank\" rel=\"noopener noreferrer\">Configurations<\/a><span data-ccp-props=\"{&quot;134233117&quot;:true,&quot;134233118&quot;:true,&quot;335559738&quot;:100,&quot;335559739&quot;:100}\">\u00a0<\/span><\/li>\n<li data-listid=\"2\" aria-setsize=\"-1\" data-aria-posinset=\"5\" data-aria-level=\"1\"><a href=\"https:\/\/easst.net\/easst-review\/\" target=\"_blank\" rel=\"noopener noreferrer\">EASST Review<\/a><\/li>\n<li data-listid=\"2\" aria-setsize=\"-1\" data-aria-posinset=\"5\" data-aria-level=\"1\"><a href=\"http:\/\/journals.sagepub.com\/home\/epd\" target=\"_blank\" rel=\"noopener noreferrer\">Environment and Planning D: Society and Space<\/a><span data-ccp-props=\"{&quot;134233117&quot;:true,&quot;134233118&quot;:true,&quot;335559738&quot;:100,&quot;335559739&quot;:100}\">\u00a0<\/span><\/li>\n<li><a href=\"http:\/\/www.igi-global.com\/journal\/international-journal-technoethics-ijt\/1156\" target=\"_blank\" rel=\"noopener noreferrer\">International Journal of Technoethics<\/a><span data-ccp-props=\"{&quot;134233117&quot;:true,&quot;134233118&quot;:true,&quot;335559738&quot;:100,&quot;335559739&quot;:100}\">\u00a0<\/span><\/li>\n<li><a href=\"http:\/\/www.revistacts.net\/\" target=\"_blank\" rel=\"noopener noreferrer\">Revista Iberoamericana de Cienca, Technolog\u00eda y Sociedad<\/a><span data-ccp-props=\"{&quot;134233117&quot;:true,&quot;134233118&quot;:true,&quot;335559738&quot;:100,&quot;335559739&quot;:100}\">\u00a0<\/span><\/li>\n<li data-listid=\"2\" aria-setsize=\"-1\" data-aria-posinset=\"5\" data-aria-level=\"1\"><a href=\"http:\/\/www.dasts.dk\/?page_id=356\" target=\"_blank\" rel=\"noopener noreferrer\">STS Encounters<\/a><span data-ccp-props=\"{&quot;134233117&quot;:true,&quot;134233118&quot;:true,&quot;335559738&quot;:100,&quot;335559739&quot;:100}\">\u00a0<\/span><\/li>\n<li data-listid=\"2\" aria-setsize=\"-1\" data-aria-posinset=\"7\" data-aria-level=\"1\"><a href=\"http:\/\/www.tandfonline.com\/toc\/csac20\/current\" target=\"_blank\" rel=\"noopener noreferrer\">Science as Culture<\/a><span data-ccp-props=\"{&quot;134233117&quot;:true,&quot;134233118&quot;:true,&quot;335559738&quot;:100,&quot;335559739&quot;:100}\">\u00a0<\/span><\/li>\n<li data-listid=\"2\" aria-setsize=\"-1\" data-aria-posinset=\"10\" data-aria-level=\"1\"><a href=\"http:\/\/journals.sagepub.com\/home\/sth\" target=\"_blank\" rel=\"noopener noreferrer\">Science, Technology &amp; Human Values<\/a><span data-ccp-props=\"{&quot;134233117&quot;:true,&quot;134233118&quot;:true,&quot;335559738&quot;:100,&quot;335559739&quot;:100}\">\u00a0<\/span><\/li>\n<li data-listid=\"2\" aria-setsize=\"-1\" data-aria-posinset=\"11\" data-aria-level=\"1\"><a href=\"http:\/\/www.sti-studies.de\/\" target=\"_blank\" rel=\"noopener noreferrer\">Science, Technology &amp; Innovation Studies<\/a><span data-ccp-props=\"{&quot;134233117&quot;:true,&quot;134233118&quot;:true,&quot;335559738&quot;:100,&quot;335559739&quot;:100}\">\u00a0<\/span><\/li>\n<li data-listid=\"2\" aria-setsize=\"-1\" data-aria-posinset=\"12\" data-aria-level=\"1\"><a href=\"http:\/\/www.sciencetechnologystudies.org\/\" target=\"_blank\" rel=\"noopener noreferrer\">Science &amp; Technology Studies<\/a><span data-ccp-props=\"{&quot;134233117&quot;:true,&quot;134233118&quot;:true,&quot;335559738&quot;:100,&quot;335559739&quot;:100}\">\u00a0<\/span><\/li>\n<li data-listid=\"2\" aria-setsize=\"-1\" data-aria-posinset=\"13\" data-aria-level=\"1\"><a href=\"http:\/\/journals.sagepub.com\/home\/sss\" target=\"_blank\" rel=\"noopener noreferrer\">Social Studies of Science<\/a><span data-ccp-props=\"{&quot;134233117&quot;:true,&quot;134233118&quot;:true,&quot;335559738&quot;:100,&quot;335559739&quot;:100}\">\u00a0<\/span><\/li>\n<li data-listid=\"2\" aria-setsize=\"-1\" data-aria-posinset=\"14\" data-aria-level=\"1\"><a href=\"http:\/\/journals.sagepub.com\/home\/sac\" target=\"_blank\" rel=\"noopener noreferrer\">Space and Culture<\/a><span data-ccp-props=\"{&quot;134233117&quot;:true,&quot;134233118&quot;:true,&quot;335559738&quot;:100,&quot;335559739&quot;:100}\">\u00a0<\/span><\/li>\n<li data-listid=\"2\" aria-setsize=\"-1\" data-aria-posinset=\"15\" data-aria-level=\"1\"><a href=\"http:\/\/spontaneousgenerations.library.utoronto.ca\/\" target=\"_blank\" rel=\"noopener noreferrer\">Spontaneous Generations: A Journal for the History and Philosophy of Science<\/a><span data-ccp-props=\"{&quot;134233117&quot;:true,&quot;134233118&quot;:true,&quot;335559738&quot;:100,&quot;335559739&quot;:100}\">\u00a0<\/span><\/li>\n<li data-listid=\"2\" aria-setsize=\"-1\" data-aria-posinset=\"15\" data-aria-level=\"1\"><a href=\"http:\/\/muse.jhu.edu\/journal\/194\" target=\"_blank\" rel=\"noopener noreferrer\">Technology and Culture<\/a><\/li>\n<\/ul>\n<\/div>\n<p><!--more--><br \/>\n<!-- {\"type\":\"layout\",\"children\":[{\"name\":\"Public transport\",\"type\":\"section\",\"props\":{\"animation\":\"slide-bottom-medium\",\"animation_delay\":\"200\",\"image_position\":\"center-center\",\"image_size\":\"cover\",\"padding_remove_bottom\":true,\"style\":\"default\",\"title_breakpoint\":\"xl\",\"title_position\":\"top-left\",\"title_rotation\":\"left\",\"vertical_align\":\"\",\"width\":\"default\"},\"children\":[{\"type\":\"row\",\"children\":[{\"type\":\"column\",\"props\":{\"image_position\":\"center-center\",\"position_sticky_breakpoint\":\"m\",\"width_medium\":\"1-1\"},\"children\":[{\"type\":\"headline\",\"props\":{\"content\":\"KAYNAKLAR\",\"title_element\":\"h1\",\"title_style\":\"heading-small\"}},{\"type\":\"divider\",\"props\":{\"divider_element\":\"hr\",\"divider_style\":\"small\"}}]}]},{\"type\":\"row\",\"props\":{\"layout\":\"1-2,1-2\"},\"children\":[{\"type\":\"column\",\"props\":{\"image_position\":\"center-center\",\"position_sticky_breakpoint\":\"m\",\"width_medium\":\"1-2\"},\"children\":[{\"type\":\"headline\",\"props\":{\"content\":\"\n\n<div class=\\\"vc_custom_heading_wrap \\\">\\n\n\n<div class=\\\"heading-text el-text\\\">\\n\n\n<h2 class=\\\"h2\\\"><span>Faydal\\u0131 Ba\\u011flant\\u0131lar<\\\/span><\\\/h2>\\n<\\\/div>\\n<\\\/div>\",\"title_color\":\"background\",\"title_element\":\"h4\",\"title_style\":\"h3\"}},{\"type\":\"text\",\"props\":{\"column_breakpoint\":\"m\",\"content\":\"\n\n<ul>\\n\n\n<li><a href=\\\"http:\\\/\\\/www.easst.net\\\/\\\" target=\\\"_blank\\\" rel=\\\"noopener noreferrer\\\">European Association for the Study of Science and Technology (EASST)<\\\/a><span data-ccp-props=\\\"{&quot;134233117&quot;:true,&quot;134233118&quot;:true,&quot;335559738&quot;:100,&quot;335559739&quot;:100}\\\">\\u00a0<\\\/span><\\\/li>\\n\n\n<li><a href=\\\"https:\\\/\\\/www.historyoftechnology.org\\\/\\\" target=\\\"_blank\\\" rel=\\\"noopener noreferrer\\\">Society for the History of Technology (SHOT)<\\\/a><\\\/li>\\n\n\n<li><a href=\\\"http:\\\/\\\/4sonline.org\\\/\\\" target=\\\"_blank\\\" rel=\\\"noopener noreferrer\\\">Society for Social Studies of Science (4S)<\\\/a><span data-ccp-props=\\\"{&quot;134233117&quot;:true,&quot;134233118&quot;:true,&quot;335559738&quot;:100,&quot;335559739&quot;:100}\\\"><br \\\/><\\\/span><\\\/li>\\n\n\n<li><a href=\\\"http:\\\/\\\/www.stswiki.org\\\/\\\" target=\\\"_blank\\\" rel=\\\"noopener noreferrer\\\">STS Wiki<\\\/a><span data-ccp-props=\\\"{&quot;134233117&quot;:true,&quot;134233118&quot;:true,&quot;335559738&quot;:100,&quot;335559739&quot;:100}\\\">\\u00a0<\\\/span><\\\/li>\\n<\\\/ul>\",\"margin\":\"default\"}},{\"type\":\"headline\",\"props\":{\"content\":\"\n\n<div class=\\\"vc_custom_heading_wrap \\\">\\n\n\n<div class=\\\"heading-text el-text\\\">\\n\n\n<h3>STS alan<span class=\\\"st\\\">\\u0131<\\\/span>nda<span>\\u00a0<\\\/span><span class=\\\"st\\\">T\\u00fcrkiye\\u2019de<\\\/span><span>\\u00a0<\\\/span>mevcut \\u00dcniversite<span>\\u00a0<\\\/span><span class=\\\"st\\\">Programlar\\u0131<\\\/span><span>\\u00a0<\\\/span>ve STS Gruplar<span class=\\\"st\\\">\\u0131<\\\/span><\\\/h3>\\n<\\\/div>\\n<\\\/div>\",\"title_color\":\"background\",\"title_element\":\"h4\",\"title_style\":\"h3\"}},{\"type\":\"text\",\"props\":{\"column_breakpoint\":\"m\",\"content\":\"\n\n<ul>\\n\n\n<li>Ankara \\u00dcniversiteyi, Sosyal Bilimler Enstit\\u00fcs\\u00fc, Bilim ve Toplum \\u00c7al\\u0131\\u015fmalar\\u0131<\\\/li>\\n\n\n<li>I\\u015f\\u0131k \\u00dcniversitesi, \\u0130nsan ve Toplum Bilimleri,\\u00a0Bilim, Teknoloji ve Toplum Dal\\u0131<\\\/li>\\n\n\n<li>\\u0130stanbul Teknik \\u00dcniversitesi,\\u00a0 Sosyal Bilimler Enstit\\u00fcs\\u00fc, Bilim,Teknoloji ve Toplum<\\\/li>\\n\n\n<li>\\u0130stanbul \\u00dcniversitesi, Edebiyat Fak\\u00fcltesi, Bilim Tarihi B\\u00f6l\\u00fcm\\u00fc<\\\/li>\\n\n\n<li>Ortado\\u011fu Teknik \\u00dcniversitesi, Bilim ve Teknoloji Politikalar\\u0131 (ODT\\u00dc-TEKPOL)<\\\/li>\\n\n\n<li>\\u00d6zye\\u011fin \\u00dcniversitesi, Sosyal Bilimler Enstit\\u00fcs\\u00fc, Tasar\\u0131m Teknoloji Toplum<\\\/li>\\n\n\n<li><a href=\\\"http:\\\/\\\/ge301.bilkent.edu.tr\\\/bilkentstsnetwork\\\/\\\" target=\\\"_blank\\\" rel=\\\"noopener noreferrer\\\">Bilkent STS Network<\\\/a><\\\/li>\\n\n\n<li><a href=\\\"https:\\\/\\\/stsistanbul.org\\\/\\\" target=\\\"_blank\\\" rel=\\\"noopener noreferrer\\\">IstanbuLab<\\\/a><\\\/li>\\n<\\\/ul>\",\"margin\":\"default\"}},{\"type\":\"headline\",\"props\":{\"content\":\"\n\n<div class=\\\"vc_custom_heading_wrap \\\">\\n\n\n<div class=\\\"heading-text el-text\\\">\\n\n\n<h3>STS Dersleri<\\\/h3>\\n<\\\/div>\\n<\\\/div>\",\"title_color\":\"background\",\"title_element\":\"h4\",\"title_style\":\"h3\"}},{\"type\":\"text\",\"props\":{\"column_breakpoint\":\"m\",\"content\":\"\n\n<ul>\\n\n\n<li>Science, Technology and Society (Faculty of Engineering, Bilkent University):<span>\\u00a0<\\\/span><a class=\\\"moz-txt-link-freetext\\\" href=\\\"http:\\\/\\\/ge301-sts.bilkent.edu.tr\\\/\\\" target=\\\"_blank\\\" rel=\\\"noopener\\\">http:\\\/\\\/ge301-sts.bilkent.edu.tr\\\/<\\\/a><\\\/li>\\n<\\\/ul>\\n\n\n<p><\\\/p>\\n\n\n<p><\\\/p>\",\"margin\":\"default\"}}]},{\"type\":\"column\",\"props\":{\"image_position\":\"center-center\",\"position_sticky_breakpoint\":\"m\",\"width_medium\":\"1-2\"},\"children\":[{\"type\":\"headline\",\"props\":{\"content\":\"\n\n<div class=\\\"vc_custom_heading_wrap \\\">\\n\n\n<div class=\\\"heading-text el-text\\\">\\n\n\n<h2 class=\\\"h2\\\"><span>Yay\\u0131nlar<\\\/span><\\\/h2>\\n<\\\/div>\\n<\\\/div>\\n\n\n<div class=\\\"uncode_text_column\\\"><\\\/div>\",\"title_color\":\"background\",\"title_element\":\"h4\",\"title_style\":\"h3\"}},{\"type\":\"text\",\"props\":{\"column_breakpoint\":\"m\",\"content\":\"\n\n<ul>\\n\n\n<li data-listid=\\\"2\\\" aria-setsize=\\\"-1\\\" data-aria-posinset=\\\"4\\\" data-aria-level=\\\"1\\\"><a href=\\\"https:\\\/\\\/www.press.jhu.edu\\\/journals\\\/configurations\\\/\\\" target=\\\"_blank\\\" rel=\\\"noopener noreferrer\\\">Configurations<\\\/a><span data-ccp-props=\\\"{&quot;134233117&quot;:true,&quot;134233118&quot;:true,&quot;335559738&quot;:100,&quot;335559739&quot;:100}\\\">\\u00a0<\\\/span><\\\/li>\\n\n\n<li data-listid=\\\"2\\\" aria-setsize=\\\"-1\\\" data-aria-posinset=\\\"5\\\" data-aria-level=\\\"1\\\"><a href=\\\"https:\\\/\\\/easst.net\\\/easst-review\\\/\\\" target=\\\"_blank\\\" rel=\\\"noopener noreferrer\\\">EASST Review<\\\/a><\\\/li>\\n\n\n<li data-listid=\\\"2\\\" aria-setsize=\\\"-1\\\" data-aria-posinset=\\\"5\\\" data-aria-level=\\\"1\\\"><a href=\\\"http:\\\/\\\/journals.sagepub.com\\\/home\\\/epd\\\" target=\\\"_blank\\\" rel=\\\"noopener noreferrer\\\">Environment and Planning D: Society and Space<\\\/a><span data-ccp-props=\\\"{&quot;134233117&quot;:true,&quot;134233118&quot;:true,&quot;335559738&quot;:100,&quot;335559739&quot;:100}\\\">\\u00a0<\\\/span><\\\/li>\\n\n\n<li><a href=\\\"http:\\\/\\\/www.igi-global.com\\\/journal\\\/international-journal-technoethics-ijt\\\/1156\\\" target=\\\"_blank\\\" rel=\\\"noopener noreferrer\\\">International Journal of Technoethics<\\\/a><span data-ccp-props=\\\"{&quot;134233117&quot;:true,&quot;134233118&quot;:true,&quot;335559738&quot;:100,&quot;335559739&quot;:100}\\\">\\u00a0<\\\/span><\\\/li>\\n\n\n<li><a href=\\\"http:\\\/\\\/www.revistacts.net\\\/\\\" target=\\\"_blank\\\" rel=\\\"noopener noreferrer\\\">Revista Iberoamericana de Cienca, Technolog\\u00eda y Sociedad<\\\/a><span data-ccp-props=\\\"{&quot;134233117&quot;:true,&quot;134233118&quot;:true,&quot;335559738&quot;:100,&quot;335559739&quot;:100}\\\">\\u00a0<\\\/span><\\\/li>\\n\n\n<li data-listid=\\\"2\\\" aria-setsize=\\\"-1\\\" data-aria-posinset=\\\"5\\\" data-aria-level=\\\"1\\\"><a href=\\\"http:\\\/\\\/www.dasts.dk\\\/?page_id=356\\\" target=\\\"_blank\\\" rel=\\\"noopener noreferrer\\\">STS Encounters<\\\/a><span data-ccp-props=\\\"{&quot;134233117&quot;:true,&quot;134233118&quot;:true,&quot;335559738&quot;:100,&quot;335559739&quot;:100}\\\">\\u00a0<\\\/span><\\\/li>\\n\n\n<li data-listid=\\\"2\\\" aria-setsize=\\\"-1\\\" data-aria-posinset=\\\"7\\\" data-aria-level=\\\"1\\\"><a href=\\\"http:\\\/\\\/www.tandfonline.com\\\/toc\\\/csac20\\\/current\\\" target=\\\"_blank\\\" rel=\\\"noopener noreferrer\\\">Science as Culture<\\\/a><span data-ccp-props=\\\"{&quot;134233117&quot;:true,&quot;134233118&quot;:true,&quot;335559738&quot;:100,&quot;335559739&quot;:100}\\\">\\u00a0<\\\/span><\\\/li>\\n\n\n<li data-listid=\\\"2\\\" aria-setsize=\\\"-1\\\" data-aria-posinset=\\\"10\\\" data-aria-level=\\\"1\\\"><a href=\\\"http:\\\/\\\/journals.sagepub.com\\\/home\\\/sth\\\" target=\\\"_blank\\\" rel=\\\"noopener noreferrer\\\">Science, Technology &amp; Human Values<\\\/a><span data-ccp-props=\\\"{&quot;134233117&quot;:true,&quot;134233118&quot;:true,&quot;335559738&quot;:100,&quot;335559739&quot;:100}\\\">\\u00a0<\\\/span><\\\/li>\\n\n\n<li data-listid=\\\"2\\\" aria-setsize=\\\"-1\\\" data-aria-posinset=\\\"11\\\" data-aria-level=\\\"1\\\"><a href=\\\"http:\\\/\\\/www.sti-studies.de\\\/\\\" target=\\\"_blank\\\" rel=\\\"noopener noreferrer\\\">Science, Technology &amp; Innovation Studies<\\\/a><span data-ccp-props=\\\"{&quot;134233117&quot;:true,&quot;134233118&quot;:true,&quot;335559738&quot;:100,&quot;335559739&quot;:100}\\\">\\u00a0<\\\/span><\\\/li>\\n\n\n<li data-listid=\\\"2\\\" aria-setsize=\\\"-1\\\" data-aria-posinset=\\\"12\\\" data-aria-level=\\\"1\\\"><a href=\\\"http:\\\/\\\/www.sciencetechnologystudies.org\\\/\\\" target=\\\"_blank\\\" rel=\\\"noopener noreferrer\\\">Science &amp; Technology Studies<\\\/a><span data-ccp-props=\\\"{&quot;134233117&quot;:true,&quot;134233118&quot;:true,&quot;335559738&quot;:100,&quot;335559739&quot;:100}\\\">\\u00a0<\\\/span><\\\/li>\\n\n\n<li data-listid=\\\"2\\\" aria-setsize=\\\"-1\\\" data-aria-posinset=\\\"13\\\" data-aria-level=\\\"1\\\"><a href=\\\"http:\\\/\\\/journals.sagepub.com\\\/home\\\/sss\\\" target=\\\"_blank\\\" rel=\\\"noopener noreferrer\\\">Social Studies of Science<\\\/a><span data-ccp-props=\\\"{&quot;134233117&quot;:true,&quot;134233118&quot;:true,&quot;335559738&quot;:100,&quot;335559739&quot;:100}\\\">\\u00a0<\\\/span><\\\/li>\\n\n\n<li data-listid=\\\"2\\\" aria-setsize=\\\"-1\\\" data-aria-posinset=\\\"14\\\" data-aria-level=\\\"1\\\"><a href=\\\"http:\\\/\\\/journals.sagepub.com\\\/home\\\/sac\\\" target=\\\"_blank\\\" rel=\\\"noopener noreferrer\\\">Space and Culture<\\\/a><span data-ccp-props=\\\"{&quot;134233117&quot;:true,&quot;134233118&quot;:true,&quot;335559738&quot;:100,&quot;335559739&quot;:100}\\\">\\u00a0<\\\/span><\\\/li>\\n\n\n<li data-listid=\\\"2\\\" aria-setsize=\\\"-1\\\" data-aria-posinset=\\\"15\\\" data-aria-level=\\\"1\\\"><a href=\\\"http:\\\/\\\/spontaneousgenerations.library.utoronto.ca\\\/\\\" target=\\\"_blank\\\" rel=\\\"noopener noreferrer\\\">Spontaneous Generations: A Journal for the History and Philosophy of Science<\\\/a><span data-ccp-props=\\\"{&quot;134233117&quot;:true,&quot;134233118&quot;:true,&quot;335559738&quot;:100,&quot;335559739&quot;:100}\\\">\\u00a0<\\\/span><\\\/li>\\n\n\n<li data-listid=\\\"2\\\" aria-setsize=\\\"-1\\\" data-aria-posinset=\\\"15\\\" data-aria-level=\\\"1\\\"><a href=\\\"http:\\\/\\\/muse.jhu.edu\\\/journal\\\/194\\\" target=\\\"_blank\\\" rel=\\\"noopener noreferrer\\\">Technology and Culture<\\\/a><\\\/li>\\n<\\\/ul>\",\"margin\":\"default\"}}]}]}]},{\"type\":\"section\",\"props\":{\"image\":\"wp-content\\\/uploads\\\/yootheme\\\/speakers-bg.svg\",\"image_position\":\"center-center\",\"style\":\"default\",\"title_breakpoint\":\"xl\",\"title_position\":\"top-left\",\"title_rotation\":\"left\",\"vertical_align\":\"middle\",\"width\":\"default\"},\"children\":[{\"type\":\"row\",\"children\":[{\"type\":\"column\",\"props\":{\"image_position\":\"center-center\",\"position_sticky_breakpoint\":\"m\"}}]}]}],\"version\":\"4.5.21\"} --><\/p>\n","protected":false},"excerpt":{"rendered":"<p>KAYNAKLAR Faydal\u0131 Ba\u011flant\u0131lar European Association for the Study of Science and Technology (EASST)\u00a0 Society for the History of Technology (SHOT) Society for Social Studies of Science (4S) STS Wiki\u00a0 STS alan\u0131nda\u00a0T\u00fcrkiye\u2019de\u00a0mevcut \u00dcniversite\u00a0Programlar\u0131\u00a0ve STS Gruplar\u0131 Ankara \u00dcniversiteyi, Sosyal Bilimler Enstit\u00fcs\u00fc, Bilim ve Toplum \u00c7al\u0131\u015fmalar\u0131 I\u015f\u0131k \u00dcniversitesi, \u0130nsan ve Toplum Bilimleri,\u00a0Bilim, Teknoloji ve Toplum Dal\u0131 \u0130stanbul Teknik [&hellip;]<\/p>\n","protected":false},"author":1,"featured_media":0,"parent":0,"menu_order":3,"comment_status":"closed","ping_status":"closed","template":"","meta":{"_acf_changed":false,"footnotes":""},"class_list":["post-21","page","type-page","status-publish","hentry"],"acf":[],"_links":{"self":[{"href":"https:\/\/www.ststurkey.net\/index.php?rest_route=\/wp\/v2\/pages\/21","targetHints":{"allow":["GET"]}}],"collection":[{"href":"https:\/\/www.ststurkey.net\/index.php?rest_route=\/wp\/v2\/pages"}],"about":[{"href":"https:\/\/www.ststurkey.net\/index.php?rest_route=\/wp\/v2\/types\/page"}],"author":[{"embeddable":true,"href":"https:\/\/www.ststurkey.net\/index.php?rest_route=\/wp\/v2\/users\/1"}],"replies":[{"embeddable":true,"href":"https:\/\/www.ststurkey.net\/index.php?rest_route=%2Fwp%2Fv2%2Fcomments&post=21"}],"version-history":[{"count":17,"href":"https:\/\/www.ststurkey.net\/index.php?rest_route=\/wp\/v2\/pages\/21\/revisions"}],"predecessor-version":[{"id":2651,"href":"https:\/\/www.ststurkey.net\/index.php?rest_route=\/wp\/v2\/pages\/21\/revisions\/2651"}],"wp:attachment":[{"href":"https:\/\/www.ststurkey.net\/index.php?rest_route=%2Fwp%2Fv2%2Fmedia&parent=21"}],"curies":[{"name":"wp","href":"https:\/\/api.w.org\/{rel}","templated":true}]}}