{"id":20,"date":"2019-05-10T09:37:26","date_gmt":"2019-05-10T09:37:26","guid":{"rendered":"http:\/\/www.aiarthistorylab.com\/?page_id=20"},"modified":"2025-07-17T16:59:37","modified_gmt":"2025-07-17T13:59:37","slug":"schedule","status":"publish","type":"page","link":"https:\/\/www.ststurkey.net\/?page_id=20","title":{"rendered":"\u0130leti\u015fim"},"content":{"rendered":"<h1>\n<h1 style=\"text-align: center;\">\u00dcyel\u0130k Formu<\/h1>\n<\/h1>\n<div>\n<p style=\"text-align: center;\"><span>Sorular\u0131n\u0131z, \u00f6nerileriniz ve istekleriniz i\u00e7in <\/span><a href=\"mailto:info@ststurkey.net\">info@ststurkey.net<\/a><span> adresine e-posta g\u00f6nderebilirsiniz.<\/span><\/p>\n<\/div>\n<div>\n<p>    <iframe loading=\"lazy\" src=\"https:\/\/docs.google.com\/forms\/d\/e\/1FAIpQLSebFvvMHu7wu1wuHp_aHsEicSjGZDC8WAxrmMO8EoLQsZmZeQ\/viewform?embedded=true\" width=\"640\" height=\"1094\" frameborder=\"0\" marginheight=\"0\" marginwidth=\"0\">Wird geladen\u2026<\/iframe>\n<\/div>\n<p><!--more--><br \/>\n<!-- {\"type\":\"layout\",\"children\":[{\"type\":\"section\",\"props\":{\"image_position\":\"center-center\",\"style\":\"default\",\"title_breakpoint\":\"xl\",\"title_position\":\"top-left\",\"title_rotation\":\"left\",\"vertical_align\":\"middle\",\"width\":\"default\"},\"children\":[{\"type\":\"row\",\"props\":{\"layout\":\"1-3,2-3\"},\"children\":[{\"type\":\"column\",\"props\":{\"image_position\":\"center-center\",\"position_sticky_breakpoint\":\"m\",\"width_medium\":\"1-3\"},\"children\":[{\"type\":\"headline\",\"props\":{\"content\":\"\n\n<h1 style=\\\"text-align: center;\\\">\\u00dcyel\\u0130k Formu<\\\/h1>\",\"title_element\":\"h1\"}},{\"type\":\"text\",\"props\":{\"column_breakpoint\":\"m\",\"content\":\"\n\n<p style=\\\"text-align: center;\\\"><span>Sorular\\u0131n\\u0131z, \\u00f6nerileriniz ve istekleriniz i\\u00e7in <\\\/span><a href=\\\"mailto:info@ststurkey.net\\\">info@ststurkey.net<\\\/a><span> adresine e-posta g\\u00f6nderebilirsiniz.<\\\/span><\\\/p>\",\"margin\":\"default\"}}]},{\"type\":\"column\",\"props\":{\"image_position\":\"center-center\",\"position_sticky_breakpoint\":\"m\",\"width_medium\":\"2-3\"},\"children\":[{\"type\":\"html\",\"props\":{\"content\":\"<iframe src=\\\"https:\\\/\\\/docs.google.com\\\/forms\\\/d\\\/e\\\/1FAIpQLSebFvvMHu7wu1wuHp_aHsEicSjGZDC8WAxrmMO8EoLQsZmZeQ\\\/viewform?embedded=true\\\" width=\\\"640\\\" height=\\\"1094\\\" frameborder=\\\"0\\\" marginheight=\\\"0\\\" marginwidth=\\\"0\\\">Wird geladen\\u2026<\\\/iframe>\"}}]}]}]}],\"version\":\"4.5.21\"} --><\/p>\n","protected":false},"excerpt":{"rendered":"<p>\u00dcyel\u0130k Formu Sorular\u0131n\u0131z, \u00f6nerileriniz ve istekleriniz i\u00e7in info@ststurkey.net adresine e-posta g\u00f6nderebilirsiniz. Wird geladen\u2026<\/p>\n","protected":false},"author":1,"featured_media":0,"parent":0,"menu_order":4,"comment_status":"closed","ping_status":"closed","template":"","meta":{"_acf_changed":false,"footnotes":""},"class_list":["post-20","page","type-page","status-publish","hentry"],"acf":[],"_links":{"self":[{"href":"https:\/\/www.ststurkey.net\/index.php?rest_route=\/wp\/v2\/pages\/20","targetHints":{"allow":["GET"]}}],"collection":[{"href":"https:\/\/www.ststurkey.net\/index.php?rest_route=\/wp\/v2\/pages"}],"about":[{"href":"https:\/\/www.ststurkey.net\/index.php?rest_route=\/wp\/v2\/types\/page"}],"author":[{"embeddable":true,"href":"https:\/\/www.ststurkey.net\/index.php?rest_route=\/wp\/v2\/users\/1"}],"replies":[{"embeddable":true,"href":"https:\/\/www.ststurkey.net\/index.php?rest_route=%2Fwp%2Fv2%2Fcomments&post=20"}],"version-history":[{"count":10,"href":"https:\/\/www.ststurkey.net\/index.php?rest_route=\/wp\/v2\/pages\/20\/revisions"}],"predecessor-version":[{"id":2621,"href":"https:\/\/www.ststurkey.net\/index.php?rest_route=\/wp\/v2\/pages\/20\/revisions\/2621"}],"wp:attachment":[{"href":"https:\/\/www.ststurkey.net\/index.php?rest_route=%2Fwp%2Fv2%2Fmedia&parent=20"}],"curies":[{"name":"wp","href":"https:\/\/api.w.org\/{rel}","templated":true}]}}